{"id":23899,"date":"2025-09-23T15:44:56","date_gmt":"2025-09-23T15:44:56","guid":{"rendered":"https:\/\/www.ullarver.is\/?post_type=product&#038;p=23899"},"modified":"2025-12-08T13:20:16","modified_gmt":"2025-12-08T13:20:16","slug":"prjonabok-haust-nr-45","status":"publish","type":"product","link":"https:\/\/www.ullarver.is\/en\/vara\/prjonabok-haust-nr-45\/","title":{"rendered":"Prj\u00f3nab\u00f3k &#8211; Haust nr 45"},"content":{"rendered":"<p>Prj\u00f3nab\u00f3kin Lopi 45 &#8211; Haust<\/p>\n<p>&nbsp;<\/p>\n<p>Sj\u00e1 n\u00e1nar <a href=\"https:\/\/lopidesign.is\/\" target=\"_blank\" rel=\"noopener\">Lopi Design | \u00cdslenskar prj\u00f3nauppskriftir | lopidesign.is<\/a><\/p>\n","protected":false},"excerpt":{"rendered":"<p>Haust &#8211; Lopi 45<\/p>\n<p>\u00cdslenska<\/p>\n","protected":false},"featured_media":23900,"comment_status":"open","ping_status":"closed","template":"","meta":[],"product_brand":[490],"product_cat":[325,143,372],"product_tag":[],"class_list":{"0":"post-23899","1":"product","2":"type-product","3":"status-publish","4":"has-post-thumbnail","6":"product_brand-istex","7":"product_cat-prjonabaekur-og-uppskriftir","8":"product_cat-smavara","9":"product_cat-ullarverid-endursala-verslun","10":"description-off","12":"first","13":"instock","14":"taxable","15":"shipping-taxable","16":"purchasable","17":"product-type-simple"},"supplier_id":18608,"supplier_sku":"","barcode":null,"atum_controlled":true,"out_stock_date":null,"out_stock_threshold":null,"inheritable":false,"inbound_stock":0,"stock_on_hold":0,"sold_today":0,"sales_last_days":0,"reserved_stock":0,"customer_returns":0,"warehouse_damage":0,"lost_in_post":0,"other_logs":0,"out_stock_days":0,"lost_sales":0,"has_location":false,"update_date":"2026-04-15T02:10:30","atum_locations":[],"atum_stock_status":"instock","restock_status":false,"low_stock_amount":"","sales_update_date":"2026-04-15T02:10:30","calc_backorders":null,"jetpack_sharing_enabled":true,"_links":{"self":[{"href":"https:\/\/www.ullarver.is\/en\/wp-json\/wp\/v2\/product\/23899","targetHints":{"allow":["GET"]}}],"collection":[{"href":"https:\/\/www.ullarver.is\/en\/wp-json\/wp\/v2\/product"}],"about":[{"href":"https:\/\/www.ullarver.is\/en\/wp-json\/wp\/v2\/types\/product"}],"replies":[{"embeddable":true,"href":"https:\/\/www.ullarver.is\/en\/wp-json\/wp\/v2\/comments?post=23899"}],"version-history":[{"count":4,"href":"https:\/\/www.ullarver.is\/en\/wp-json\/wp\/v2\/product\/23899\/revisions"}],"predecessor-version":[{"id":23906,"href":"https:\/\/www.ullarver.is\/en\/wp-json\/wp\/v2\/product\/23899\/revisions\/23906"}],"wp:featuredmedia":[{"embeddable":true,"href":"https:\/\/www.ullarver.is\/en\/wp-json\/wp\/v2\/media\/23900"}],"wp:attachment":[{"href":"https:\/\/www.ullarver.is\/en\/wp-json\/wp\/v2\/media?parent=23899"}],"wp:term":[{"taxonomy":"product_brand","embeddable":true,"href":"https:\/\/www.ullarver.is\/en\/wp-json\/wp\/v2\/product_brand?post=23899"},{"taxonomy":"product_cat","embeddable":true,"href":"https:\/\/www.ullarver.is\/en\/wp-json\/wp\/v2\/product_cat?post=23899"},{"taxonomy":"product_tag","embeddable":true,"href":"https:\/\/www.ullarver.is\/en\/wp-json\/wp\/v2\/product_tag?post=23899"}],"curies":[{"name":"wp","href":"https:\/\/api.w.org\/{rel}","templated":true}]}}