{"id":23325,"date":"2025-08-23T10:55:18","date_gmt":"2025-08-23T10:55:18","guid":{"rendered":"https:\/\/www.ullarver.is\/?post_type=product&#038;p=23325"},"modified":"2026-03-13T15:28:11","modified_gmt":"2026-03-13T15:28:11","slug":"hosuband-istex","status":"publish","type":"product","link":"https:\/\/www.ullarver.is\/en\/vara\/hosuband-istex\/","title":{"rendered":"Hosuband \u00cdstex"},"content":{"rendered":"<p>Hosuband fr\u00e1 \u00cdstex er tilvali\u00f0 \u00ed sokka. N\u00e6loni\u00f0 \u00ed bandinu gerir \u00fea\u00f0 einstaklega slitsterkt. Hosuband er einnig h\u00e6gt a\u00f0 nota \u00ed t.d. peysur, vettlinga og h\u00fafur.<\/p>\n","protected":false},"excerpt":{"rendered":"<p>Hosuband er tilvali\u00f0 \u00ed sokka. N\u00e6loni\u00f0 \u00ed bandinu gerir \u00fea\u00f0 einstaklega slitsterkt. Hosuband er einnig h\u00e6gt a\u00f0 nota \u00ed t.d. peysur, vettlinga og h\u00fafur.<\/p>\n","protected":false},"featured_media":23336,"comment_status":"open","ping_status":"closed","template":"","meta":[],"product_brand":[490],"product_cat":[207,206],"product_tag":[],"class_list":{"0":"post-23325","1":"product","2":"type-product","3":"status-publish","4":"has-post-thumbnail","6":"product_brand-istex","7":"product_cat-istex-lopi","8":"product_cat-garn-og-lopi","9":"description-off","11":"first","12":"instock","13":"sold-individually","14":"taxable","15":"shipping-taxable","16":"purchasable","17":"product-type-variable"},"supplier_id":null,"supplier_sku":"","barcode":null,"atum_controlled":true,"out_stock_date":null,"out_stock_threshold":null,"inheritable":true,"inbound_stock":0,"stock_on_hold":0,"sold_today":0,"sales_last_days":0,"reserved_stock":0,"customer_returns":0,"warehouse_damage":0,"lost_in_post":0,"other_logs":0,"out_stock_days":0,"lost_sales":0,"has_location":false,"update_date":"2026-04-17T02:15:53","atum_locations":[],"atum_stock_status":"instock","restock_status":false,"low_stock_amount":"","sales_update_date":"2026-04-17T02:15:53","calc_backorders":null,"jetpack_sharing_enabled":true,"_links":{"self":[{"href":"https:\/\/www.ullarver.is\/en\/wp-json\/wp\/v2\/product\/23325","targetHints":{"allow":["GET"]}}],"collection":[{"href":"https:\/\/www.ullarver.is\/en\/wp-json\/wp\/v2\/product"}],"about":[{"href":"https:\/\/www.ullarver.is\/en\/wp-json\/wp\/v2\/types\/product"}],"replies":[{"embeddable":true,"href":"https:\/\/www.ullarver.is\/en\/wp-json\/wp\/v2\/comments?post=23325"}],"version-history":[{"count":2,"href":"https:\/\/www.ullarver.is\/en\/wp-json\/wp\/v2\/product\/23325\/revisions"}],"predecessor-version":[{"id":24589,"href":"https:\/\/www.ullarver.is\/en\/wp-json\/wp\/v2\/product\/23325\/revisions\/24589"}],"wp:featuredmedia":[{"embeddable":true,"href":"https:\/\/www.ullarver.is\/en\/wp-json\/wp\/v2\/media\/23336"}],"wp:attachment":[{"href":"https:\/\/www.ullarver.is\/en\/wp-json\/wp\/v2\/media?parent=23325"}],"wp:term":[{"taxonomy":"product_brand","embeddable":true,"href":"https:\/\/www.ullarver.is\/en\/wp-json\/wp\/v2\/product_brand?post=23325"},{"taxonomy":"product_cat","embeddable":true,"href":"https:\/\/www.ullarver.is\/en\/wp-json\/wp\/v2\/product_cat?post=23325"},{"taxonomy":"product_tag","embeddable":true,"href":"https:\/\/www.ullarver.is\/en\/wp-json\/wp\/v2\/product_tag?post=23325"}],"curies":[{"name":"wp","href":"https:\/\/api.w.org\/{rel}","templated":true}]}}