{"id":23133,"date":"2025-08-19T21:11:23","date_gmt":"2025-08-19T21:11:23","guid":{"rendered":"https:\/\/www.ullarver.is\/?post_type=product&#038;p=23133"},"modified":"2026-02-07T15:55:09","modified_gmt":"2026-02-07T15:55:09","slug":"retreat-chunky-twist","status":"publish","type":"product","link":"https:\/\/www.ullarver.is\/en\/vara\/retreat-chunky-twist\/","title":{"rendered":"Retreat Chunky Twist"},"content":{"rendered":"<p>Colour fusions, inspired by the ever-changing sky. Made with Bluefaced Kerry Hill this 100% British wool fleece is renowned for its plush handle and silky-smooth texture that glides off needles and hooks. Developed with well-being in mind this luxurious yarn is a pleasure to craft with and will leave you feeling relaxed and inspired as you move through the uplifting, harmonious colour changes.<\/p>\n","protected":false},"excerpt":{"rendered":"<p>Chunky garni\u00f0 er gr\u00f3ft og fallegt ullargarn fr\u00e1 West Yorkshire Spinners.<\/p>\n<p>Twist skiptir fallega litum og gerir fl\u00edkina enn fallegri.<\/p>\n","protected":false},"featured_media":23880,"comment_status":"open","ping_status":"closed","template":"","meta":[],"product_brand":[489],"product_cat":[206,208],"product_tag":[],"class_list":{"0":"post-23133","1":"product","2":"type-product","3":"status-publish","4":"has-post-thumbnail","6":"product_brand-wys","7":"product_cat-garn-og-lopi","8":"product_cat-west-yorkshire-spinners","9":"description-off","11":"first","12":"instock","13":"taxable","14":"shipping-taxable","15":"purchasable","16":"product-type-variable"},"supplier_id":null,"supplier_sku":"","barcode":null,"atum_controlled":true,"out_stock_date":null,"out_stock_threshold":null,"inheritable":true,"inbound_stock":0,"stock_on_hold":0,"sold_today":0,"sales_last_days":0,"reserved_stock":0,"customer_returns":0,"warehouse_damage":0,"lost_in_post":0,"other_logs":0,"out_stock_days":0,"lost_sales":0,"has_location":false,"update_date":"2026-04-15T02:10:31","atum_locations":[],"atum_stock_status":"instock","restock_status":false,"low_stock_amount":"","sales_update_date":"2026-04-15T02:10:31","calc_backorders":null,"jetpack_sharing_enabled":true,"_links":{"self":[{"href":"https:\/\/www.ullarver.is\/en\/wp-json\/wp\/v2\/product\/23133","targetHints":{"allow":["GET"]}}],"collection":[{"href":"https:\/\/www.ullarver.is\/en\/wp-json\/wp\/v2\/product"}],"about":[{"href":"https:\/\/www.ullarver.is\/en\/wp-json\/wp\/v2\/types\/product"}],"replies":[{"embeddable":true,"href":"https:\/\/www.ullarver.is\/en\/wp-json\/wp\/v2\/comments?post=23133"}],"version-history":[{"count":3,"href":"https:\/\/www.ullarver.is\/en\/wp-json\/wp\/v2\/product\/23133\/revisions"}],"predecessor-version":[{"id":23510,"href":"https:\/\/www.ullarver.is\/en\/wp-json\/wp\/v2\/product\/23133\/revisions\/23510"}],"wp:featuredmedia":[{"embeddable":true,"href":"https:\/\/www.ullarver.is\/en\/wp-json\/wp\/v2\/media\/23880"}],"wp:attachment":[{"href":"https:\/\/www.ullarver.is\/en\/wp-json\/wp\/v2\/media?parent=23133"}],"wp:term":[{"taxonomy":"product_brand","embeddable":true,"href":"https:\/\/www.ullarver.is\/en\/wp-json\/wp\/v2\/product_brand?post=23133"},{"taxonomy":"product_cat","embeddable":true,"href":"https:\/\/www.ullarver.is\/en\/wp-json\/wp\/v2\/product_cat?post=23133"},{"taxonomy":"product_tag","embeddable":true,"href":"https:\/\/www.ullarver.is\/en\/wp-json\/wp\/v2\/product_tag?post=23133"}],"curies":[{"name":"wp","href":"https:\/\/api.w.org\/{rel}","templated":true}]}}