{"id":22748,"date":"2025-07-23T14:21:01","date_gmt":"2025-07-23T14:21:01","guid":{"rendered":"https:\/\/www.ullarver.is\/?post_type=product&#038;p=22748"},"modified":"2026-04-08T15:08:09","modified_gmt":"2026-04-08T15:08:09","slug":"einband","status":"publish","type":"product","link":"https:\/\/www.ullarver.is\/en\/vara\/einband\/","title":{"rendered":"Einband"},"content":{"rendered":"","protected":false},"excerpt":{"rendered":"<p>Einband hentar vel \u00ed sj\u00f6l og l\u00e9ttar fl\u00edkur, passar vel \u00ed \u00fatprj\u00f3n. Einbandi\u00f0 er upplagt a\u00f0 nota b\u00e6\u00f0i einfalt og tv\u00f6falt.<\/p>\n","protected":false},"featured_media":22775,"comment_status":"open","ping_status":"closed","template":"","meta":[],"product_brand":[490],"product_cat":[206,207],"product_tag":[],"class_list":{"0":"post-22748","1":"product","2":"type-product","3":"status-publish","4":"has-post-thumbnail","6":"product_brand-istex","7":"product_cat-garn-og-lopi","8":"product_cat-istex-lopi","9":"description-off","11":"first","12":"instock","13":"taxable","14":"shipping-taxable","15":"purchasable","16":"product-type-variable"},"supplier_id":null,"supplier_sku":"","barcode":null,"atum_controlled":true,"out_stock_date":null,"out_stock_threshold":null,"inheritable":true,"inbound_stock":0,"stock_on_hold":0,"sold_today":0,"sales_last_days":2,"reserved_stock":0,"customer_returns":0,"warehouse_damage":0,"lost_in_post":0,"other_logs":0,"out_stock_days":0,"lost_sales":0,"has_location":false,"update_date":"2026-04-15T02:10:45","atum_locations":[],"atum_stock_status":"instock","restock_status":false,"low_stock_amount":"","sales_update_date":"2026-04-15T02:10:45","calc_backorders":null,"jetpack_sharing_enabled":true,"_links":{"self":[{"href":"https:\/\/www.ullarver.is\/en\/wp-json\/wp\/v2\/product\/22748","targetHints":{"allow":["GET"]}}],"collection":[{"href":"https:\/\/www.ullarver.is\/en\/wp-json\/wp\/v2\/product"}],"about":[{"href":"https:\/\/www.ullarver.is\/en\/wp-json\/wp\/v2\/types\/product"}],"replies":[{"embeddable":true,"href":"https:\/\/www.ullarver.is\/en\/wp-json\/wp\/v2\/comments?post=22748"}],"version-history":[{"count":2,"href":"https:\/\/www.ullarver.is\/en\/wp-json\/wp\/v2\/product\/22748\/revisions"}],"predecessor-version":[{"id":24599,"href":"https:\/\/www.ullarver.is\/en\/wp-json\/wp\/v2\/product\/22748\/revisions\/24599"}],"wp:featuredmedia":[{"embeddable":true,"href":"https:\/\/www.ullarver.is\/en\/wp-json\/wp\/v2\/media\/22775"}],"wp:attachment":[{"href":"https:\/\/www.ullarver.is\/en\/wp-json\/wp\/v2\/media?parent=22748"}],"wp:term":[{"taxonomy":"product_brand","embeddable":true,"href":"https:\/\/www.ullarver.is\/en\/wp-json\/wp\/v2\/product_brand?post=22748"},{"taxonomy":"product_cat","embeddable":true,"href":"https:\/\/www.ullarver.is\/en\/wp-json\/wp\/v2\/product_cat?post=22748"},{"taxonomy":"product_tag","embeddable":true,"href":"https:\/\/www.ullarver.is\/en\/wp-json\/wp\/v2\/product_tag?post=22748"}],"curies":[{"name":"wp","href":"https:\/\/api.w.org\/{rel}","templated":true}]}}