{"id":22044,"date":"2025-06-14T11:14:39","date_gmt":"2025-06-14T11:14:39","guid":{"rendered":"https:\/\/www.ullarver.is\/?post_type=product&#038;p=22044"},"modified":"2026-04-16T15:06:09","modified_gmt":"2026-04-16T15:06:09","slug":"skraepa","status":"publish","type":"product","link":"https:\/\/www.ullarver.is\/en\/vara\/skraepa\/","title":{"rendered":"Skr\u00e6pa"},"content":{"rendered":"<p><strong>Skr\u00e6pa<\/strong> er v\u00f6ruheiti yfir \u00fea\u00f0 garn og lopa sem er lita\u00f0 \u00ed Ullarverinu.<\/p>\n<p>Nota\u00f0ir eru duftlitir til a\u00f0 f\u00e1 fallega og varanlega liti.<\/p>\n<p>Engar tv\u00e6r hnotur eru eins. H\u00e6gt er a\u00f0 velja litat\u00f3na og haft ver\u00f0ur samband vi\u00f0 kaupanda var\u00f0andi \u00fea\u00f0 litaval sem til er hverju sinni.<\/p>\n<p>50 &#8211; 55 gr hnotur<\/p>\n","protected":false},"excerpt":{"rendered":"<p><strong>Skr\u00e6pa<\/strong> er v\u00f6ruheiti yfir \u00fea\u00f0 garn og lopa sem er lita\u00f0 \u00ed Ullarverinu.<\/p>\n<p>Nota\u00f0ir eru duftlitir til a\u00f0 f\u00e1 fallega og varanlega liti.<\/p>\n<p>Engar tv\u00e6r hnotur eru eins.<\/p>\n<p>50 &#8211; 55 gr hnotur<\/p>\n","protected":false},"featured_media":22363,"comment_status":"open","ping_status":"closed","template":"","meta":[],"product_brand":[491],"product_cat":[206,372],"product_tag":[],"class_list":{"0":"post-22044","1":"product","2":"type-product","3":"status-publish","4":"has-post-thumbnail","6":"product_brand-ullarverid","7":"product_cat-garn-og-lopi","8":"product_cat-ullarverid-endursala-verslun","9":"description-off","11":"first","12":"instock","13":"taxable","14":"shipping-taxable","15":"purchasable","16":"product-type-variable"},"supplier_id":null,"supplier_sku":"","barcode":null,"atum_controlled":true,"out_stock_date":null,"out_stock_threshold":null,"inheritable":true,"inbound_stock":0,"stock_on_hold":0,"sold_today":0,"sales_last_days":7,"reserved_stock":0,"customer_returns":0,"warehouse_damage":0,"lost_in_post":0,"other_logs":0,"out_stock_days":0,"lost_sales":0,"has_location":false,"update_date":"2026-04-17T02:16:06","atum_locations":[],"atum_stock_status":"instock","restock_status":false,"low_stock_amount":"","sales_update_date":"2026-04-17T02:16:06","calc_backorders":null,"jetpack_sharing_enabled":true,"_links":{"self":[{"href":"https:\/\/www.ullarver.is\/en\/wp-json\/wp\/v2\/product\/22044","targetHints":{"allow":["GET"]}}],"collection":[{"href":"https:\/\/www.ullarver.is\/en\/wp-json\/wp\/v2\/product"}],"about":[{"href":"https:\/\/www.ullarver.is\/en\/wp-json\/wp\/v2\/types\/product"}],"replies":[{"embeddable":true,"href":"https:\/\/www.ullarver.is\/en\/wp-json\/wp\/v2\/comments?post=22044"}],"version-history":[{"count":8,"href":"https:\/\/www.ullarver.is\/en\/wp-json\/wp\/v2\/product\/22044\/revisions"}],"predecessor-version":[{"id":23375,"href":"https:\/\/www.ullarver.is\/en\/wp-json\/wp\/v2\/product\/22044\/revisions\/23375"}],"wp:featuredmedia":[{"embeddable":true,"href":"https:\/\/www.ullarver.is\/en\/wp-json\/wp\/v2\/media\/22363"}],"wp:attachment":[{"href":"https:\/\/www.ullarver.is\/en\/wp-json\/wp\/v2\/media?parent=22044"}],"wp:term":[{"taxonomy":"product_brand","embeddable":true,"href":"https:\/\/www.ullarver.is\/en\/wp-json\/wp\/v2\/product_brand?post=22044"},{"taxonomy":"product_cat","embeddable":true,"href":"https:\/\/www.ullarver.is\/en\/wp-json\/wp\/v2\/product_cat?post=22044"},{"taxonomy":"product_tag","embeddable":true,"href":"https:\/\/www.ullarver.is\/en\/wp-json\/wp\/v2\/product_tag?post=22044"}],"curies":[{"name":"wp","href":"https:\/\/api.w.org\/{rel}","templated":true}]}}