{"id":21341,"date":"2025-05-03T13:45:34","date_gmt":"2025-05-03T13:45:34","guid":{"rendered":"https:\/\/www.ullarver.is\/?post_type=product&#038;p=21341"},"modified":"2025-08-13T14:09:31","modified_gmt":"2025-08-13T14:09:31","slug":"gjoska-fra-svartsengi","status":"publish","type":"product","link":"https:\/\/www.ullarver.is\/en\/vara\/gjoska-fra-svartsengi\/","title":{"rendered":"Gj\u00f3ska fr\u00e1 Svartsengi"},"content":{"rendered":"","protected":false},"excerpt":{"rendered":"<p>Gj\u00f3ska fr\u00e1 eldgosum s\u00ed\u00f0ustu \u00e1ra \u00e1 Reykjanesi.<\/p>\n<p>Gj\u00f3skan \u00feeytist upp \u00ed lofti\u00f0 og k\u00f3lna \u00e1 lei\u00f0 ni\u00f0ur.<\/p>\n<p>\u00dar ver\u00f0ur fyrirbrig\u00f0i sem kallast nornah\u00e1r.<\/p>\n","protected":false},"featured_media":21342,"comment_status":"open","ping_status":"closed","template":"","meta":[],"product_brand":[],"product_cat":[143],"product_tag":[],"class_list":{"0":"post-21341","1":"product","2":"type-product","3":"status-publish","4":"has-post-thumbnail","6":"product_cat-smavara","7":"description-off","9":"first","10":"instock","11":"taxable","12":"shipping-taxable","13":"purchasable","14":"product-type-simple"},"supplier_id":null,"supplier_sku":"","barcode":null,"atum_controlled":true,"out_stock_date":null,"out_stock_threshold":null,"inheritable":false,"inbound_stock":0,"stock_on_hold":0,"sold_today":0,"sales_last_days":0,"reserved_stock":0,"customer_returns":0,"warehouse_damage":0,"lost_in_post":0,"other_logs":0,"out_stock_days":0,"lost_sales":0,"has_location":false,"update_date":"2026-04-15T02:10:21","atum_locations":[],"atum_stock_status":"instock","restock_status":false,"low_stock_amount":"","sales_update_date":"2026-04-15T02:10:21","calc_backorders":null,"jetpack_sharing_enabled":true,"_links":{"self":[{"href":"https:\/\/www.ullarver.is\/en\/wp-json\/wp\/v2\/product\/21341","targetHints":{"allow":["GET"]}}],"collection":[{"href":"https:\/\/www.ullarver.is\/en\/wp-json\/wp\/v2\/product"}],"about":[{"href":"https:\/\/www.ullarver.is\/en\/wp-json\/wp\/v2\/types\/product"}],"replies":[{"embeddable":true,"href":"https:\/\/www.ullarver.is\/en\/wp-json\/wp\/v2\/comments?post=21341"}],"version-history":[{"count":3,"href":"https:\/\/www.ullarver.is\/en\/wp-json\/wp\/v2\/product\/21341\/revisions"}],"predecessor-version":[{"id":21346,"href":"https:\/\/www.ullarver.is\/en\/wp-json\/wp\/v2\/product\/21341\/revisions\/21346"}],"wp:featuredmedia":[{"embeddable":true,"href":"https:\/\/www.ullarver.is\/en\/wp-json\/wp\/v2\/media\/21342"}],"wp:attachment":[{"href":"https:\/\/www.ullarver.is\/en\/wp-json\/wp\/v2\/media?parent=21341"}],"wp:term":[{"taxonomy":"product_brand","embeddable":true,"href":"https:\/\/www.ullarver.is\/en\/wp-json\/wp\/v2\/product_brand?post=21341"},{"taxonomy":"product_cat","embeddable":true,"href":"https:\/\/www.ullarver.is\/en\/wp-json\/wp\/v2\/product_cat?post=21341"},{"taxonomy":"product_tag","embeddable":true,"href":"https:\/\/www.ullarver.is\/en\/wp-json\/wp\/v2\/product_tag?post=21341"}],"curies":[{"name":"wp","href":"https:\/\/api.w.org\/{rel}","templated":true}]}}