{"id":21057,"date":"2025-04-21T17:54:30","date_gmt":"2025-04-21T17:54:30","guid":{"rendered":"https:\/\/www.ullarver.is\/?post_type=product&#038;p=21057"},"modified":"2026-04-11T16:03:36","modified_gmt":"2026-04-11T16:03:36","slug":"wys-solstice-4ply-garn","status":"publish","type":"product","link":"https:\/\/www.ullarver.is\/en\/vara\/wys-solstice-4ply-garn\/","title":{"rendered":"WYS &#8211; Solstice 4ply garn"},"content":{"rendered":"<div>\n<p>Light, luxurious and elegant, Solstice is the perfect natural fiber 4ply for the changing seasons. Falkland Island wool is one of the world\u2019s purest wools &#8211; offering a clean white fleece and supreme softness. Lyocell is harvested from sustainably managed wood sources, and our cashmere is responsibly sourced, providing pure luxury.<\/p>\n<\/div>\n<div><\/div>\n<div class=\"additional-attributes__item\">\n<div class=\"additional-attributes__item\">70% Falkland Wool, 20% Lyocell, 10% Cashmere<\/div>\n<div class=\"additional-attributes__item\">100g \/ 400m (437yd) \/ 4ply<\/div>\n<\/div>\n","protected":false},"excerpt":{"rendered":"<div>Solstice er n\u00fd l\u00edna \u00ed ullargarninu fr\u00e1 WYS.<\/div>\n<div>Yndislega blanda af ull, Lyocell og Cashmere<\/div>\n<div><\/div>\n<div class=\"additional-attributes__item\">\n<div class=\"additional-attributes__item\">70% Falkland Wool, 20% Lyocell, 10% Cashmere<\/div>\n<div class=\"additional-attributes__item\">100g \/ 400m (437yd) \/ 4ply<\/div>\n<\/div>\n","protected":false},"featured_media":21067,"comment_status":"open","ping_status":"closed","template":"","meta":[],"product_brand":[489],"product_cat":[208,206],"product_tag":[],"class_list":{"0":"post-21057","1":"product","2":"type-product","3":"status-publish","4":"has-post-thumbnail","6":"product_brand-wys","7":"product_cat-west-yorkshire-spinners","8":"product_cat-garn-og-lopi","9":"description-off","11":"first","12":"instock","13":"taxable","14":"shipping-taxable","15":"purchasable","16":"product-type-variable"},"supplier_id":null,"supplier_sku":"","barcode":null,"atum_controlled":true,"out_stock_date":null,"out_stock_threshold":null,"inheritable":true,"inbound_stock":0,"stock_on_hold":0,"sold_today":0,"sales_last_days":0,"reserved_stock":0,"customer_returns":0,"warehouse_damage":0,"lost_in_post":0,"other_logs":0,"out_stock_days":0,"lost_sales":0,"has_location":false,"update_date":"2026-05-06T03:53:44","atum_locations":[],"atum_stock_status":"instock","restock_status":false,"low_stock_amount":"","sales_update_date":"2026-05-06T03:53:44","calc_backorders":null,"jetpack_sharing_enabled":true,"_links":{"self":[{"href":"https:\/\/www.ullarver.is\/en\/wp-json\/wp\/v2\/product\/21057","targetHints":{"allow":["GET"]}}],"collection":[{"href":"https:\/\/www.ullarver.is\/en\/wp-json\/wp\/v2\/product"}],"about":[{"href":"https:\/\/www.ullarver.is\/en\/wp-json\/wp\/v2\/types\/product"}],"replies":[{"embeddable":true,"href":"https:\/\/www.ullarver.is\/en\/wp-json\/wp\/v2\/comments?post=21057"}],"version-history":[{"count":3,"href":"https:\/\/www.ullarver.is\/en\/wp-json\/wp\/v2\/product\/21057\/revisions"}],"predecessor-version":[{"id":21245,"href":"https:\/\/www.ullarver.is\/en\/wp-json\/wp\/v2\/product\/21057\/revisions\/21245"}],"wp:featuredmedia":[{"embeddable":true,"href":"https:\/\/www.ullarver.is\/en\/wp-json\/wp\/v2\/media\/21067"}],"wp:attachment":[{"href":"https:\/\/www.ullarver.is\/en\/wp-json\/wp\/v2\/media?parent=21057"}],"wp:term":[{"taxonomy":"product_brand","embeddable":true,"href":"https:\/\/www.ullarver.is\/en\/wp-json\/wp\/v2\/product_brand?post=21057"},{"taxonomy":"product_cat","embeddable":true,"href":"https:\/\/www.ullarver.is\/en\/wp-json\/wp\/v2\/product_cat?post=21057"},{"taxonomy":"product_tag","embeddable":true,"href":"https:\/\/www.ullarver.is\/en\/wp-json\/wp\/v2\/product_tag?post=21057"}],"curies":[{"name":"wp","href":"https:\/\/api.w.org\/{rel}","templated":true}]}}