{"id":21014,"date":"2025-04-21T17:22:47","date_gmt":"2025-04-21T17:22:47","guid":{"rendered":"https:\/\/www.ullarver.is\/?post_type=product&#038;p=21014"},"modified":"2026-04-09T13:31:30","modified_gmt":"2026-04-09T13:31:30","slug":"wys-signature-4ply-garn-einlitt","status":"publish","type":"product","link":"https:\/\/www.ullarver.is\/en\/vara\/wys-signature-4ply-garn-einlitt\/","title":{"rendered":"WYS &#8211; Signature 4ply garn einlitt"},"content":{"rendered":"<div>\n<p>The superb Signature 4ply is made using a blend of wool that includes 35% Bluefaced Leicester for a luxurious feel, with a twist of nylon for added strength. This makes it ideal for projects such as hard-wearing socks, or stylish shawls with fantastic drape and softness. This yarn comes in a wide choice of solid shades including vibrant tones, classic colours and natural hues to suit all styles and stitches, whether you\u2019re knitting plain, cable, rib or lace.<\/p>\n<p>The wool has proudly won \u2018Best Sock Yarn\u2019 at the British Knitting and Crochet Awards for several years running.<\/p>\n<\/div>\n<div><\/div>\n<div class=\"additional-attributes__item\">75% Wool 25% Nylon<\/div>\n<div class=\"additional-attributes__item\">100g \/ 400m (437yd) \/ 4ply<\/div>\n","protected":false},"excerpt":{"rendered":"<div>Signature 4ply garn er yndislegt alhli\u00f0a ullargarn og sokkagarn.<\/div>\n<div>Fallegt garn \u00ed sokka, sj\u00f6l og trefla og a\u00f0rar l\u00e9ttar fl\u00edkur<\/div>\n<div><\/div>\n<div class=\"additional-attributes__item\">75% Ull 25% Nylon<\/div>\n<div class=\"additional-attributes__item\">100g \/ 400m (437yd) \/ 4ply<\/div>\n","protected":false},"featured_media":21029,"comment_status":"open","ping_status":"closed","template":"","meta":[],"product_brand":[489],"product_cat":[208,206],"product_tag":[],"class_list":{"0":"post-21014","1":"product","2":"type-product","3":"status-publish","4":"has-post-thumbnail","6":"product_brand-wys","7":"product_cat-west-yorkshire-spinners","8":"product_cat-garn-og-lopi","9":"description-off","11":"first","12":"instock","13":"taxable","14":"shipping-taxable","15":"purchasable","16":"product-type-variable"},"supplier_id":null,"supplier_sku":"","barcode":null,"atum_controlled":true,"out_stock_date":null,"out_stock_threshold":null,"inheritable":true,"inbound_stock":0,"stock_on_hold":0,"sold_today":0,"sales_last_days":1,"reserved_stock":0,"customer_returns":0,"warehouse_damage":0,"lost_in_post":0,"other_logs":0,"out_stock_days":0,"lost_sales":0,"has_location":false,"update_date":"2026-04-17T02:16:03","atum_locations":[],"atum_stock_status":"instock","restock_status":false,"low_stock_amount":"","sales_update_date":"2026-04-17T02:16:03","calc_backorders":null,"jetpack_sharing_enabled":true,"_links":{"self":[{"href":"https:\/\/www.ullarver.is\/en\/wp-json\/wp\/v2\/product\/21014","targetHints":{"allow":["GET"]}}],"collection":[{"href":"https:\/\/www.ullarver.is\/en\/wp-json\/wp\/v2\/product"}],"about":[{"href":"https:\/\/www.ullarver.is\/en\/wp-json\/wp\/v2\/types\/product"}],"replies":[{"embeddable":true,"href":"https:\/\/www.ullarver.is\/en\/wp-json\/wp\/v2\/comments?post=21014"}],"version-history":[{"count":3,"href":"https:\/\/www.ullarver.is\/en\/wp-json\/wp\/v2\/product\/21014\/revisions"}],"predecessor-version":[{"id":23444,"href":"https:\/\/www.ullarver.is\/en\/wp-json\/wp\/v2\/product\/21014\/revisions\/23444"}],"wp:featuredmedia":[{"embeddable":true,"href":"https:\/\/www.ullarver.is\/en\/wp-json\/wp\/v2\/media\/21029"}],"wp:attachment":[{"href":"https:\/\/www.ullarver.is\/en\/wp-json\/wp\/v2\/media?parent=21014"}],"wp:term":[{"taxonomy":"product_brand","embeddable":true,"href":"https:\/\/www.ullarver.is\/en\/wp-json\/wp\/v2\/product_brand?post=21014"},{"taxonomy":"product_cat","embeddable":true,"href":"https:\/\/www.ullarver.is\/en\/wp-json\/wp\/v2\/product_cat?post=21014"},{"taxonomy":"product_tag","embeddable":true,"href":"https:\/\/www.ullarver.is\/en\/wp-json\/wp\/v2\/product_tag?post=21014"}],"curies":[{"name":"wp","href":"https:\/\/api.w.org\/{rel}","templated":true}]}}