{"id":20945,"date":"2025-04-26T17:25:01","date_gmt":"2025-04-26T17:25:01","guid":{"rendered":"https:\/\/www.ullarver.is\/?post_type=product&#038;p=20945"},"modified":"2025-11-22T15:21:58","modified_gmt":"2025-11-22T15:21:58","slug":"blacker-yarns-bam-boozle","status":"publish","type":"product","link":"https:\/\/www.ullarver.is\/en\/vara\/blacker-yarns-bam-boozle\/","title":{"rendered":"Blacker Yarns &#8211; Bam-boozle"},"content":{"rendered":"<p>For this charming worsted spun blend we have added 20% bamboo with 40% of Romney and 40% of BFL. These qualities make it a perfect yarn for lightweight summer garments and accessories, and it will give you an extra layer during the winter. It\u2019s a wonderful and dreamy yarn to work with, giving a distinctive stitch definition, ideal for socks, lacy cardigans, shawls, and light weight sweaters.<\/p>\n","protected":false},"excerpt":{"rendered":"<p>Ullargarn fr\u00e1 fyrirt\u00e6kinu Blacker Yarns \u00ed Cornwall \u00ed Englandi, garni\u00f0 er blanda af bambus og breskri ull. \u00dear af er 40% af ullinni hin undurmj\u00faka Blue Faced Leicester.<\/p>\n<p>\u00deetta er l\u00e9tt og skemmtilegt 4 ply garn.<\/p>\n","protected":false},"featured_media":20973,"comment_status":"open","ping_status":"closed","template":"","meta":[],"product_brand":[],"product_cat":[206,524,372],"product_tag":[],"class_list":{"0":"post-20945","1":"product","2":"type-product","3":"status-publish","4":"has-post-thumbnail","6":"product_cat-garn-og-lopi","7":"product_cat-blacker-yarns","8":"product_cat-ullarverid-endursala-verslun","9":"description-off","11":"first","12":"instock","13":"taxable","14":"shipping-taxable","15":"purchasable","16":"product-type-variable"},"supplier_id":null,"supplier_sku":"","barcode":null,"atum_controlled":true,"out_stock_date":null,"out_stock_threshold":null,"inheritable":true,"inbound_stock":0,"stock_on_hold":0,"sold_today":0,"sales_last_days":0,"reserved_stock":0,"customer_returns":0,"warehouse_damage":0,"lost_in_post":0,"other_logs":0,"out_stock_days":0,"lost_sales":0,"has_location":false,"update_date":"2026-04-17T02:15:38","atum_locations":[],"atum_stock_status":"instock","restock_status":false,"low_stock_amount":"","sales_update_date":"2026-04-17T02:15:38","calc_backorders":null,"jetpack_sharing_enabled":true,"_links":{"self":[{"href":"https:\/\/www.ullarver.is\/en\/wp-json\/wp\/v2\/product\/20945","targetHints":{"allow":["GET"]}}],"collection":[{"href":"https:\/\/www.ullarver.is\/en\/wp-json\/wp\/v2\/product"}],"about":[{"href":"https:\/\/www.ullarver.is\/en\/wp-json\/wp\/v2\/types\/product"}],"replies":[{"embeddable":true,"href":"https:\/\/www.ullarver.is\/en\/wp-json\/wp\/v2\/comments?post=20945"}],"version-history":[{"count":3,"href":"https:\/\/www.ullarver.is\/en\/wp-json\/wp\/v2\/product\/20945\/revisions"}],"predecessor-version":[{"id":21244,"href":"https:\/\/www.ullarver.is\/en\/wp-json\/wp\/v2\/product\/20945\/revisions\/21244"}],"wp:featuredmedia":[{"embeddable":true,"href":"https:\/\/www.ullarver.is\/en\/wp-json\/wp\/v2\/media\/20973"}],"wp:attachment":[{"href":"https:\/\/www.ullarver.is\/en\/wp-json\/wp\/v2\/media?parent=20945"}],"wp:term":[{"taxonomy":"product_brand","embeddable":true,"href":"https:\/\/www.ullarver.is\/en\/wp-json\/wp\/v2\/product_brand?post=20945"},{"taxonomy":"product_cat","embeddable":true,"href":"https:\/\/www.ullarver.is\/en\/wp-json\/wp\/v2\/product_cat?post=20945"},{"taxonomy":"product_tag","embeddable":true,"href":"https:\/\/www.ullarver.is\/en\/wp-json\/wp\/v2\/product_tag?post=20945"}],"curies":[{"name":"wp","href":"https:\/\/api.w.org\/{rel}","templated":true}]}}