{"id":20842,"date":"2025-04-15T11:29:18","date_gmt":"2025-04-15T11:29:18","guid":{"rendered":"https:\/\/www.ullarver.is\/?post_type=product&#038;p=20842"},"modified":"2026-04-10T15:37:42","modified_gmt":"2026-04-10T15:37:42","slug":"hnyklaskal","status":"publish","type":"product","link":"https:\/\/www.ullarver.is\/en\/vara\/hnyklaskal\/","title":{"rendered":"Hnyklask\u00e1l"},"content":{"rendered":"<p>Sk\u00e1larnar eru handsm\u00ed\u00f0a\u00f0ar og renndar af J\u00f3hanni Sigurj\u00f3nssyni rennismi\u00f0 \u00e1 Akureyri.<\/p>\n","protected":false},"excerpt":{"rendered":"<p>Prj\u00f3nask\u00e1l e\u00f0a hnyklask\u00e1l handsm\u00ed\u00f0u\u00f0.<\/p>\n","protected":false},"featured_media":20849,"comment_status":"open","ping_status":"closed","template":"","meta":[],"product_brand":[],"product_cat":[139,525,143,662],"product_tag":[469],"class_list":{"0":"post-20842","1":"product","2":"type-product","3":"status-publish","4":"has-post-thumbnail","6":"product_cat-ahold-og-efni-til-handverks","7":"product_cat-prjonar-og-heklunalar","8":"product_cat-smavara","9":"product_cat-umbodssala-verslun-vefur","10":"product_tag-umbodssala-an-vsk","11":"description-off","13":"first","14":"instock","15":"purchasable","16":"product-type-variable"},"supplier_id":null,"supplier_sku":"","barcode":null,"atum_controlled":true,"out_stock_date":null,"out_stock_threshold":null,"inheritable":true,"inbound_stock":0,"stock_on_hold":0,"sold_today":0,"sales_last_days":0,"reserved_stock":0,"customer_returns":0,"warehouse_damage":0,"lost_in_post":0,"other_logs":0,"out_stock_days":0,"lost_sales":0,"has_location":false,"update_date":"2026-04-15T02:10:24","atum_locations":[],"atum_stock_status":"instock","restock_status":false,"low_stock_amount":"","sales_update_date":"2026-04-15T02:10:24","calc_backorders":null,"jetpack_sharing_enabled":true,"_links":{"self":[{"href":"https:\/\/www.ullarver.is\/en\/wp-json\/wp\/v2\/product\/20842","targetHints":{"allow":["GET"]}}],"collection":[{"href":"https:\/\/www.ullarver.is\/en\/wp-json\/wp\/v2\/product"}],"about":[{"href":"https:\/\/www.ullarver.is\/en\/wp-json\/wp\/v2\/types\/product"}],"replies":[{"embeddable":true,"href":"https:\/\/www.ullarver.is\/en\/wp-json\/wp\/v2\/comments?post=20842"}],"version-history":[{"count":4,"href":"https:\/\/www.ullarver.is\/en\/wp-json\/wp\/v2\/product\/20842\/revisions"}],"predecessor-version":[{"id":20855,"href":"https:\/\/www.ullarver.is\/en\/wp-json\/wp\/v2\/product\/20842\/revisions\/20855"}],"wp:featuredmedia":[{"embeddable":true,"href":"https:\/\/www.ullarver.is\/en\/wp-json\/wp\/v2\/media\/20849"}],"wp:attachment":[{"href":"https:\/\/www.ullarver.is\/en\/wp-json\/wp\/v2\/media?parent=20842"}],"wp:term":[{"taxonomy":"product_brand","embeddable":true,"href":"https:\/\/www.ullarver.is\/en\/wp-json\/wp\/v2\/product_brand?post=20842"},{"taxonomy":"product_cat","embeddable":true,"href":"https:\/\/www.ullarver.is\/en\/wp-json\/wp\/v2\/product_cat?post=20842"},{"taxonomy":"product_tag","embeddable":true,"href":"https:\/\/www.ullarver.is\/en\/wp-json\/wp\/v2\/product_tag?post=20842"}],"curies":[{"name":"wp","href":"https:\/\/api.w.org\/{rel}","templated":true}]}}