{"id":20832,"date":"2025-04-15T11:00:03","date_gmt":"2025-04-15T11:00:03","guid":{"rendered":"https:\/\/www.ullarver.is\/?post_type=product&#038;p=20832"},"modified":"2026-04-10T15:24:34","modified_gmt":"2026-04-10T15:24:34","slug":"snaelda-islensk","status":"publish","type":"product","link":"https:\/\/www.ullarver.is\/en\/vara\/snaelda-islensk\/","title":{"rendered":"Sn\u00e6lda &#8211; \u00edslensk"},"content":{"rendered":"<p>\u00cdslensk halasn\u00e6lda a\u00f0 fyrirmynd g\u00f6mlu \u00edslensku sn\u00e6ldunnar.<\/p>\n<p>Sn\u00e6ldan er handsm\u00ed\u00f0u\u00f0 af J\u00f3hanni Sigurj\u00f3nssyni rennismi\u00f0 \u00e1 Akureyri.<\/p>\n<p>\u00deyngd: u\u00feb. 115 gr<\/p>\n","protected":false},"excerpt":{"rendered":"<p>\u00cdslensk halasn\u00e6lda handsm\u00ed\u00f0u\u00f0.<\/p>\n<p>\u00deyngd: u\u00feb. 115 gr<\/p>\n<p>&nbsp;<\/p>\n","protected":false},"featured_media":20839,"comment_status":"open","ping_status":"closed","template":"","meta":[],"product_brand":[],"product_cat":[522,139,662],"product_tag":[469],"class_list":{"0":"post-20832","1":"product","2":"type-product","3":"status-publish","4":"has-post-thumbnail","6":"product_cat-spuni","7":"product_cat-ahold-og-efni-til-handverks","8":"product_cat-umbodssala-verslun-vefur","9":"product_tag-umbodssala-an-vsk","10":"description-off","12":"first","13":"instock","14":"purchasable","15":"product-type-simple"},"supplier_id":null,"supplier_sku":"","barcode":null,"atum_controlled":true,"out_stock_date":null,"out_stock_threshold":null,"inheritable":false,"inbound_stock":0,"stock_on_hold":0,"sold_today":0,"sales_last_days":0,"reserved_stock":0,"customer_returns":0,"warehouse_damage":0,"lost_in_post":0,"other_logs":0,"out_stock_days":0,"lost_sales":0,"has_location":false,"update_date":"2026-04-15T02:10:46","atum_locations":[],"atum_stock_status":"instock","restock_status":false,"low_stock_amount":"","sales_update_date":"2026-04-15T02:10:46","calc_backorders":null,"jetpack_sharing_enabled":true,"_links":{"self":[{"href":"https:\/\/www.ullarver.is\/en\/wp-json\/wp\/v2\/product\/20832","targetHints":{"allow":["GET"]}}],"collection":[{"href":"https:\/\/www.ullarver.is\/en\/wp-json\/wp\/v2\/product"}],"about":[{"href":"https:\/\/www.ullarver.is\/en\/wp-json\/wp\/v2\/types\/product"}],"replies":[{"embeddable":true,"href":"https:\/\/www.ullarver.is\/en\/wp-json\/wp\/v2\/comments?post=20832"}],"version-history":[{"count":3,"href":"https:\/\/www.ullarver.is\/en\/wp-json\/wp\/v2\/product\/20832\/revisions"}],"predecessor-version":[{"id":20841,"href":"https:\/\/www.ullarver.is\/en\/wp-json\/wp\/v2\/product\/20832\/revisions\/20841"}],"wp:featuredmedia":[{"embeddable":true,"href":"https:\/\/www.ullarver.is\/en\/wp-json\/wp\/v2\/media\/20839"}],"wp:attachment":[{"href":"https:\/\/www.ullarver.is\/en\/wp-json\/wp\/v2\/media?parent=20832"}],"wp:term":[{"taxonomy":"product_brand","embeddable":true,"href":"https:\/\/www.ullarver.is\/en\/wp-json\/wp\/v2\/product_brand?post=20832"},{"taxonomy":"product_cat","embeddable":true,"href":"https:\/\/www.ullarver.is\/en\/wp-json\/wp\/v2\/product_cat?post=20832"},{"taxonomy":"product_tag","embeddable":true,"href":"https:\/\/www.ullarver.is\/en\/wp-json\/wp\/v2\/product_tag?post=20832"}],"curies":[{"name":"wp","href":"https:\/\/api.w.org\/{rel}","templated":true}]}}