{"id":20796,"date":"2025-04-12T16:14:30","date_gmt":"2025-04-12T16:14:30","guid":{"rendered":"https:\/\/www.ullarver.is\/?post_type=product&#038;p=20796"},"modified":"2025-08-13T14:10:13","modified_gmt":"2025-08-13T14:10:13","slug":"feltomo-thaefinal-i-hulstri","status":"publish","type":"product","link":"https:\/\/www.ullarver.is\/en\/vara\/feltomo-thaefinal-i-hulstri\/","title":{"rendered":"Feltomo \u00fe\u00e6fin\u00e1l \u00ed hulstri"},"content":{"rendered":"","protected":false},"excerpt":{"rendered":"<p>Hulstur me\u00f0 einni \u00fe\u00e6fin\u00e1l sem fylgir.<\/p>\n<p>H\u00e6gt a\u00f0 skipta um n\u00e1lina.<\/p>\n","protected":false},"featured_media":20794,"comment_status":"open","ping_status":"closed","template":"","meta":[],"product_brand":[],"product_cat":[139,372,519],"product_tag":[],"class_list":{"0":"post-20796","1":"product","2":"type-product","3":"status-publish","4":"has-post-thumbnail","6":"product_cat-ahold-og-efni-til-handverks","7":"product_cat-ullarverid-endursala-verslun","8":"product_cat-thurrthaefing","9":"description-off","11":"first","12":"instock","13":"taxable","14":"shipping-taxable","15":"purchasable","16":"product-type-simple"},"supplier_id":20772,"supplier_sku":"","barcode":null,"atum_controlled":true,"out_stock_date":null,"out_stock_threshold":null,"inheritable":false,"inbound_stock":0,"stock_on_hold":0,"sold_today":0,"sales_last_days":0,"reserved_stock":0,"customer_returns":0,"warehouse_damage":0,"lost_in_post":0,"other_logs":0,"out_stock_days":0,"lost_sales":0,"has_location":false,"update_date":"2026-04-15T02:10:22","atum_locations":[],"atum_stock_status":"instock","restock_status":false,"low_stock_amount":"","sales_update_date":"2026-04-15T02:10:22","calc_backorders":null,"jetpack_sharing_enabled":true,"_links":{"self":[{"href":"https:\/\/www.ullarver.is\/en\/wp-json\/wp\/v2\/product\/20796","targetHints":{"allow":["GET"]}}],"collection":[{"href":"https:\/\/www.ullarver.is\/en\/wp-json\/wp\/v2\/product"}],"about":[{"href":"https:\/\/www.ullarver.is\/en\/wp-json\/wp\/v2\/types\/product"}],"replies":[{"embeddable":true,"href":"https:\/\/www.ullarver.is\/en\/wp-json\/wp\/v2\/comments?post=20796"}],"version-history":[{"count":2,"href":"https:\/\/www.ullarver.is\/en\/wp-json\/wp\/v2\/product\/20796\/revisions"}],"predecessor-version":[{"id":20798,"href":"https:\/\/www.ullarver.is\/en\/wp-json\/wp\/v2\/product\/20796\/revisions\/20798"}],"wp:featuredmedia":[{"embeddable":true,"href":"https:\/\/www.ullarver.is\/en\/wp-json\/wp\/v2\/media\/20794"}],"wp:attachment":[{"href":"https:\/\/www.ullarver.is\/en\/wp-json\/wp\/v2\/media?parent=20796"}],"wp:term":[{"taxonomy":"product_brand","embeddable":true,"href":"https:\/\/www.ullarver.is\/en\/wp-json\/wp\/v2\/product_brand?post=20796"},{"taxonomy":"product_cat","embeddable":true,"href":"https:\/\/www.ullarver.is\/en\/wp-json\/wp\/v2\/product_cat?post=20796"},{"taxonomy":"product_tag","embeddable":true,"href":"https:\/\/www.ullarver.is\/en\/wp-json\/wp\/v2\/product_tag?post=20796"}],"curies":[{"name":"wp","href":"https:\/\/api.w.org\/{rel}","templated":true}]}}