{"id":20789,"date":"2025-04-12T16:14:30","date_gmt":"2025-04-12T16:14:30","guid":{"rendered":"https:\/\/www.ullarver.is\/?post_type=product&#038;p=20789"},"modified":"2025-08-25T18:36:56","modified_gmt":"2025-08-25T18:36:56","slug":"tulip-handfang-fyrir-eina-thaefinal","status":"publish","type":"product","link":"https:\/\/www.ullarver.is\/en\/vara\/tulip-handfang-fyrir-eina-thaefinal\/","title":{"rendered":"Tulip handfang fyrir eina \u00fe\u00e6fin\u00e1l"},"content":{"rendered":"","protected":false},"excerpt":{"rendered":"<p>Nett og \u00fe\u00e6gilegt handfang fyrir \u00fe\u00e6fin\u00e1lar.<\/p>\n<p>\u00de\u00e6fin\u00e1l fylgir ekki me\u00f0.<\/p>\n","protected":false},"featured_media":20792,"comment_status":"open","ping_status":"closed","template":"","meta":[],"product_brand":[],"product_cat":[139,372,519],"product_tag":[518],"class_list":{"0":"post-20789","1":"product","2":"type-product","3":"status-publish","4":"has-post-thumbnail","6":"product_cat-ahold-og-efni-til-handverks","7":"product_cat-ullarverid-endursala-verslun","8":"product_cat-thurrthaefing","9":"product_tag-thaefing","10":"description-off","12":"first","13":"outofstock","14":"taxable","15":"shipping-taxable","16":"purchasable","17":"product-type-simple"},"supplier_id":20772,"supplier_sku":"","barcode":null,"atum_controlled":true,"out_stock_date":"2025-08-22 12:34:02","out_stock_threshold":null,"inheritable":false,"inbound_stock":0,"stock_on_hold":0,"sold_today":0,"sales_last_days":0,"reserved_stock":0,"customer_returns":0,"warehouse_damage":0,"lost_in_post":0,"other_logs":0,"out_stock_days":235,"lost_sales":256821.428571,"has_location":false,"update_date":"2026-04-15T02:10:20","atum_locations":[],"atum_stock_status":"outofstock","restock_status":false,"low_stock_amount":"","sales_update_date":"2026-04-15T02:10:20","calc_backorders":null,"jetpack_sharing_enabled":true,"_links":{"self":[{"href":"https:\/\/www.ullarver.is\/en\/wp-json\/wp\/v2\/product\/20789","targetHints":{"allow":["GET"]}}],"collection":[{"href":"https:\/\/www.ullarver.is\/en\/wp-json\/wp\/v2\/product"}],"about":[{"href":"https:\/\/www.ullarver.is\/en\/wp-json\/wp\/v2\/types\/product"}],"replies":[{"embeddable":true,"href":"https:\/\/www.ullarver.is\/en\/wp-json\/wp\/v2\/comments?post=20789"}],"version-history":[{"count":2,"href":"https:\/\/www.ullarver.is\/en\/wp-json\/wp\/v2\/product\/20789\/revisions"}],"predecessor-version":[{"id":20791,"href":"https:\/\/www.ullarver.is\/en\/wp-json\/wp\/v2\/product\/20789\/revisions\/20791"}],"wp:featuredmedia":[{"embeddable":true,"href":"https:\/\/www.ullarver.is\/en\/wp-json\/wp\/v2\/media\/20792"}],"wp:attachment":[{"href":"https:\/\/www.ullarver.is\/en\/wp-json\/wp\/v2\/media?parent=20789"}],"wp:term":[{"taxonomy":"product_brand","embeddable":true,"href":"https:\/\/www.ullarver.is\/en\/wp-json\/wp\/v2\/product_brand?post=20789"},{"taxonomy":"product_cat","embeddable":true,"href":"https:\/\/www.ullarver.is\/en\/wp-json\/wp\/v2\/product_cat?post=20789"},{"taxonomy":"product_tag","embeddable":true,"href":"https:\/\/www.ullarver.is\/en\/wp-json\/wp\/v2\/product_tag?post=20789"}],"curies":[{"name":"wp","href":"https:\/\/api.w.org\/{rel}","templated":true}]}}