{"id":20777,"date":"2025-04-12T16:20:56","date_gmt":"2025-04-12T16:20:56","guid":{"rendered":"https:\/\/www.ullarver.is\/?post_type=product&#038;p=20777"},"modified":"2025-11-18T08:41:43","modified_gmt":"2025-11-18T08:41:43","slug":"addi-hringprjonar-red-lace","status":"publish","type":"product","link":"https:\/\/www.ullarver.is\/en\/vara\/addi-hringprjonar-red-lace\/","title":{"rendered":"addi hringprj\u00f3nar RED LACE"},"content":{"rendered":"<p>Stuttur hringprj\u00f3nn e\u00f0a sokkaprj\u00f3nn me\u00f0 misl\u00f6ngum prj\u00f3ni.<\/p>\n<p>Lengd: 25 cm<\/p>\n","protected":false},"excerpt":{"rendered":"<p>Stuttur hringprj\u00f3nn e\u00f0a sokkaprj\u00f3nn me\u00f0 misl\u00f6ngum prj\u00f3ni.<\/p>\n<p>Prj\u00f3narnir er 25 cm langir.<\/p>\n","protected":false},"featured_media":20779,"comment_status":"open","ping_status":"closed","template":"","meta":[],"product_brand":[],"product_cat":[139],"product_tag":[],"class_list":{"0":"post-20777","1":"product","2":"type-product","3":"status-publish","4":"has-post-thumbnail","6":"product_cat-ahold-og-efni-til-handverks","7":"description-off","9":"first","10":"instock","11":"taxable","12":"shipping-taxable","13":"purchasable","14":"product-type-variable"},"supplier_id":null,"supplier_sku":"","barcode":null,"atum_controlled":true,"out_stock_date":null,"out_stock_threshold":null,"inheritable":true,"inbound_stock":0,"stock_on_hold":0,"sold_today":0,"sales_last_days":0,"reserved_stock":0,"customer_returns":0,"warehouse_damage":0,"lost_in_post":0,"other_logs":0,"out_stock_days":0,"lost_sales":0,"has_location":false,"update_date":"2026-05-02T03:26:19","atum_locations":[],"atum_stock_status":"instock","restock_status":false,"low_stock_amount":"","sales_update_date":"2026-05-02T03:26:19","calc_backorders":null,"jetpack_sharing_enabled":true,"_links":{"self":[{"href":"https:\/\/www.ullarver.is\/en\/wp-json\/wp\/v2\/product\/20777","targetHints":{"allow":["GET"]}}],"collection":[{"href":"https:\/\/www.ullarver.is\/en\/wp-json\/wp\/v2\/product"}],"about":[{"href":"https:\/\/www.ullarver.is\/en\/wp-json\/wp\/v2\/types\/product"}],"replies":[{"embeddable":true,"href":"https:\/\/www.ullarver.is\/en\/wp-json\/wp\/v2\/comments?post=20777"}],"version-history":[{"count":7,"href":"https:\/\/www.ullarver.is\/en\/wp-json\/wp\/v2\/product\/20777\/revisions"}],"predecessor-version":[{"id":21428,"href":"https:\/\/www.ullarver.is\/en\/wp-json\/wp\/v2\/product\/20777\/revisions\/21428"}],"wp:featuredmedia":[{"embeddable":true,"href":"https:\/\/www.ullarver.is\/en\/wp-json\/wp\/v2\/media\/20779"}],"wp:attachment":[{"href":"https:\/\/www.ullarver.is\/en\/wp-json\/wp\/v2\/media?parent=20777"}],"wp:term":[{"taxonomy":"product_brand","embeddable":true,"href":"https:\/\/www.ullarver.is\/en\/wp-json\/wp\/v2\/product_brand?post=20777"},{"taxonomy":"product_cat","embeddable":true,"href":"https:\/\/www.ullarver.is\/en\/wp-json\/wp\/v2\/product_cat?post=20777"},{"taxonomy":"product_tag","embeddable":true,"href":"https:\/\/www.ullarver.is\/en\/wp-json\/wp\/v2\/product_tag?post=20777"}],"curies":[{"name":"wp","href":"https:\/\/api.w.org\/{rel}","templated":true}]}}