{"id":20747,"date":"2025-04-12T16:20:56","date_gmt":"2025-04-12T16:20:56","guid":{"rendered":"https:\/\/www.ullarver.is\/?post_type=product&#038;p=20747"},"modified":"2026-03-03T09:18:27","modified_gmt":"2026-03-03T09:18:27","slug":"tulip-etimo-heklunalar","status":"publish","type":"product","link":"https:\/\/www.ullarver.is\/en\/vara\/tulip-etimo-heklunalar\/","title":{"rendered":"Tulip ETIMO heklun\u00e1lar"},"content":{"rendered":"<p>Tulip ETIMO heklun\u00e1lar eru me\u00f0 \u00fe\u00e6gilegt grip og mj\u00f6g vanda\u00f0ar.<\/p>\n<p>The worldwide favorite ETIMO Series brings you ETIMO Red. A smooth feel, and cushioned grip are easy on hands to prevent fatigue! The matte red tones of the hook tip do not reflect light and are gentle on the eyes. Matte red tones that do not reflect the light and are gentle on the eyes. Stitches can be easily picked up on dark colors, such as deep navy.<\/p>\n","protected":false},"excerpt":{"rendered":"<p>Tulip ETIMO heklun\u00e1lar eru me\u00f0 \u00fe\u00e6gilegt grip og mj\u00f6g vanda\u00f0ar.<\/p>\n","protected":false},"featured_media":20770,"comment_status":"open","ping_status":"closed","template":"","meta":[],"product_brand":[],"product_cat":[139],"product_tag":[],"class_list":{"0":"post-20747","1":"product","2":"type-product","3":"status-publish","4":"has-post-thumbnail","6":"product_cat-ahold-og-efni-til-handverks","7":"description-off","9":"first","10":"instock","11":"taxable","12":"shipping-taxable","13":"purchasable","14":"product-type-variable","15":"has-default-attributes"},"supplier_id":null,"supplier_sku":"","barcode":null,"atum_controlled":true,"out_stock_date":null,"out_stock_threshold":null,"inheritable":true,"inbound_stock":0,"stock_on_hold":0,"sold_today":0,"sales_last_days":0,"reserved_stock":0,"customer_returns":0,"warehouse_damage":0,"lost_in_post":0,"other_logs":0,"out_stock_days":0,"lost_sales":0,"has_location":false,"update_date":"2026-04-15T02:10:30","atum_locations":[],"atum_stock_status":"instock","restock_status":false,"low_stock_amount":"","sales_update_date":"2026-04-15T02:10:30","calc_backorders":null,"jetpack_sharing_enabled":true,"_links":{"self":[{"href":"https:\/\/www.ullarver.is\/en\/wp-json\/wp\/v2\/product\/20747","targetHints":{"allow":["GET"]}}],"collection":[{"href":"https:\/\/www.ullarver.is\/en\/wp-json\/wp\/v2\/product"}],"about":[{"href":"https:\/\/www.ullarver.is\/en\/wp-json\/wp\/v2\/types\/product"}],"replies":[{"embeddable":true,"href":"https:\/\/www.ullarver.is\/en\/wp-json\/wp\/v2\/comments?post=20747"}],"version-history":[{"count":6,"href":"https:\/\/www.ullarver.is\/en\/wp-json\/wp\/v2\/product\/20747\/revisions"}],"predecessor-version":[{"id":24307,"href":"https:\/\/www.ullarver.is\/en\/wp-json\/wp\/v2\/product\/20747\/revisions\/24307"}],"wp:featuredmedia":[{"embeddable":true,"href":"https:\/\/www.ullarver.is\/en\/wp-json\/wp\/v2\/media\/20770"}],"wp:attachment":[{"href":"https:\/\/www.ullarver.is\/en\/wp-json\/wp\/v2\/media?parent=20747"}],"wp:term":[{"taxonomy":"product_brand","embeddable":true,"href":"https:\/\/www.ullarver.is\/en\/wp-json\/wp\/v2\/product_brand?post=20747"},{"taxonomy":"product_cat","embeddable":true,"href":"https:\/\/www.ullarver.is\/en\/wp-json\/wp\/v2\/product_cat?post=20747"},{"taxonomy":"product_tag","embeddable":true,"href":"https:\/\/www.ullarver.is\/en\/wp-json\/wp\/v2\/product_tag?post=20747"}],"curies":[{"name":"wp","href":"https:\/\/api.w.org\/{rel}","templated":true}]}}