{"id":20685,"date":"2025-04-12T14:16:13","date_gmt":"2025-04-12T14:16:13","guid":{"rendered":"https:\/\/www.ullarver.is\/?post_type=product&#038;p=20685"},"modified":"2026-04-10T15:42:24","modified_gmt":"2026-04-10T15:42:24","slug":"addicrasytrio-sokkaprjonar","status":"publish","type":"product","link":"https:\/\/www.ullarver.is\/en\/vara\/addicrasytrio-sokkaprjonar\/","title":{"rendered":"addiCraSyTrio sokkaprj\u00f3nar"},"content":{"rendered":"<p>addiCraSyTrio og addi CraSyTrio Long eru tv\u00e6r lengdir af sokkaprj\u00f3num fr\u00e1 Addi.<\/p>\n<p>Sokkaprj\u00f3narnir eru \u00fer\u00edr \u00ed pakka<\/p>\n","protected":false},"excerpt":{"rendered":"<p>Stuttir sokkaprj\u00f3nar \u00ed tveimur lengdum.<\/p>\n<p>Prj\u00f3narnir eru \u00fer\u00edr saman \u00ed pakka.<\/p>\n","protected":false},"featured_media":20742,"comment_status":"open","ping_status":"closed","template":"","meta":[],"product_brand":[],"product_cat":[139,525],"product_tag":[529,530],"class_list":{"0":"post-20685","1":"product","2":"type-product","3":"status-publish","4":"has-post-thumbnail","6":"product_cat-ahold-og-efni-til-handverks","7":"product_cat-prjonar-og-heklunalar","8":"product_tag-prjonar","9":"product_tag-sokkaprjonar","10":"description-off","12":"first","13":"instock","14":"taxable","15":"shipping-taxable","16":"purchasable","17":"product-type-variable"},"supplier_id":null,"supplier_sku":"","barcode":null,"atum_controlled":true,"out_stock_date":null,"out_stock_threshold":null,"inheritable":true,"inbound_stock":0,"stock_on_hold":0,"sold_today":0,"sales_last_days":1,"reserved_stock":0,"customer_returns":0,"warehouse_damage":0,"lost_in_post":0,"other_logs":0,"out_stock_days":0,"lost_sales":0,"has_location":false,"update_date":"2026-04-15T02:10:47","atum_locations":[],"atum_stock_status":"instock","restock_status":false,"low_stock_amount":"","sales_update_date":"2026-04-15T02:10:47","calc_backorders":null,"jetpack_sharing_enabled":true,"_links":{"self":[{"href":"https:\/\/www.ullarver.is\/en\/wp-json\/wp\/v2\/product\/20685","targetHints":{"allow":["GET"]}}],"collection":[{"href":"https:\/\/www.ullarver.is\/en\/wp-json\/wp\/v2\/product"}],"about":[{"href":"https:\/\/www.ullarver.is\/en\/wp-json\/wp\/v2\/types\/product"}],"replies":[{"embeddable":true,"href":"https:\/\/www.ullarver.is\/en\/wp-json\/wp\/v2\/comments?post=20685"}],"version-history":[{"count":5,"href":"https:\/\/www.ullarver.is\/en\/wp-json\/wp\/v2\/product\/20685\/revisions"}],"predecessor-version":[{"id":20776,"href":"https:\/\/www.ullarver.is\/en\/wp-json\/wp\/v2\/product\/20685\/revisions\/20776"}],"wp:featuredmedia":[{"embeddable":true,"href":"https:\/\/www.ullarver.is\/en\/wp-json\/wp\/v2\/media\/20742"}],"wp:attachment":[{"href":"https:\/\/www.ullarver.is\/en\/wp-json\/wp\/v2\/media?parent=20685"}],"wp:term":[{"taxonomy":"product_brand","embeddable":true,"href":"https:\/\/www.ullarver.is\/en\/wp-json\/wp\/v2\/product_brand?post=20685"},{"taxonomy":"product_cat","embeddable":true,"href":"https:\/\/www.ullarver.is\/en\/wp-json\/wp\/v2\/product_cat?post=20685"},{"taxonomy":"product_tag","embeddable":true,"href":"https:\/\/www.ullarver.is\/en\/wp-json\/wp\/v2\/product_tag?post=20685"}],"curies":[{"name":"wp","href":"https:\/\/api.w.org\/{rel}","templated":true}]}}