{"id":20652,"date":"2025-04-12T10:55:24","date_gmt":"2025-04-12T10:55:24","guid":{"rendered":"https:\/\/www.ullarver.is\/?post_type=product&#038;p=20652"},"modified":"2026-03-05T18:00:41","modified_gmt":"2026-03-05T18:00:41","slug":"kambar","status":"publish","type":"product","link":"https:\/\/www.ullarver.is\/en\/vara\/kambar\/","title":{"rendered":"Kambar"},"content":{"rendered":"<p>Handsm\u00ed\u00f0a\u00f0ir kambar fr\u00e1 fyrirt\u00e6kinu World of Wool \u00ed Bretlandi.<\/p>\n<p>Henta til a\u00f0 undirb\u00faa \u00edslensku ullina fyrir spuna e\u00f0a \u00fe\u00e6fingu.<\/p>\n<p>N\u00e1nar um \u00feessa 72 TPI hand kamba.<\/p>\n<ul>\n<li>St\u00f6\u00f0ugir og fara vel \u00ed hendi<\/li>\n<li>Nickel h\u00fa\u00f0a\u00f0ir tindar<\/li>\n<li>St\u00e6r\u00f0 kembisv\u00e6\u00f0is er 190&#215;100 mm.<\/li>\n<li>72 TPI (Teeth per Inch) kembimotta<\/li>\n<li>Sm\u00ed\u00f0a\u00f0 \u00far v\u00f6ndu\u00f0um vi\u00f0, ger\u00f0ir til a\u00f0 endast.<\/li>\n<\/ul>\n<p data-start=\"0\" data-end=\"246\">These essential tools are perfect for carding fibers, ensuring they\u2019re primed for spinning and other crafts.<\/p>\n<p data-start=\"248\" data-end=\"283\">Hand carders 72 TPI specifications:<\/p>\n<ul data-start=\"285\" data-end=\"505\">\n<li data-start=\"285\" data-end=\"339\">Ergonomic design for enhanced comfort and efficiency.<\/li>\n<li data-start=\"340\" data-end=\"381\">Durable nickel-plated wire construction.<\/li>\n<li data-start=\"382\" data-end=\"416\">Generous brush size of 190x100mm.<\/li>\n<li data-start=\"417\" data-end=\"456\">72 TPI (Teeth per Inch) carding mat.<\/li>\n<li data-start=\"457\" data-end=\"505\">Made from high-quality, long-lasting materials.<\/li>\n<\/ul>\n<p data-start=\"507\" data-end=\"629\" data-is-last-node=\"\" data-is-only-node=\"\">Elevate your fibre preparation with World of Wool hand carders, designed for superior performance and lasting reliability.<\/p>\n","protected":false},"excerpt":{"rendered":"<p>Handsm\u00ed\u00f0a\u00f0ir kambar fr\u00e1 fyrirt\u00e6kinu World of Wool \u00ed Bretlandi.<\/p>\n<p>Henta til a\u00f0 undirb\u00faa \u00edslensku ullina fyrir spuna e\u00f0a \u00fe\u00e6fingu.<\/p>\n<p>Kembimotta: 190&#215;100 mm &#8211; 72 TPI (Teeth per Inch)<\/p>\n<p>&nbsp;<\/p>\n","protected":false},"featured_media":20653,"comment_status":"open","ping_status":"closed","template":"","meta":[],"product_brand":[491],"product_cat":[139,143],"product_tag":[],"class_list":{"0":"post-20652","1":"product","2":"type-product","3":"status-publish","4":"has-post-thumbnail","6":"product_brand-ullarverid","7":"product_cat-ahold-og-efni-til-handverks","8":"product_cat-smavara","9":"description-off","11":"first","12":"instock","13":"taxable","14":"shipping-taxable","15":"purchasable","16":"product-type-simple"},"supplier_id":20657,"supplier_sku":"","barcode":null,"atum_controlled":true,"out_stock_date":null,"out_stock_threshold":null,"inheritable":false,"inbound_stock":0,"stock_on_hold":0,"sold_today":0,"sales_last_days":0,"reserved_stock":0,"customer_returns":0,"warehouse_damage":0,"lost_in_post":0,"other_logs":0,"out_stock_days":0,"lost_sales":0,"has_location":false,"update_date":"2026-04-15T02:10:16","atum_locations":[],"atum_stock_status":"instock","restock_status":false,"low_stock_amount":"","sales_update_date":"2026-04-15T02:10:16","calc_backorders":null,"jetpack_sharing_enabled":true,"_links":{"self":[{"href":"https:\/\/www.ullarver.is\/en\/wp-json\/wp\/v2\/product\/20652","targetHints":{"allow":["GET"]}}],"collection":[{"href":"https:\/\/www.ullarver.is\/en\/wp-json\/wp\/v2\/product"}],"about":[{"href":"https:\/\/www.ullarver.is\/en\/wp-json\/wp\/v2\/types\/product"}],"replies":[{"embeddable":true,"href":"https:\/\/www.ullarver.is\/en\/wp-json\/wp\/v2\/comments?post=20652"}],"version-history":[{"count":3,"href":"https:\/\/www.ullarver.is\/en\/wp-json\/wp\/v2\/product\/20652\/revisions"}],"predecessor-version":[{"id":20658,"href":"https:\/\/www.ullarver.is\/en\/wp-json\/wp\/v2\/product\/20652\/revisions\/20658"}],"wp:featuredmedia":[{"embeddable":true,"href":"https:\/\/www.ullarver.is\/en\/wp-json\/wp\/v2\/media\/20653"}],"wp:attachment":[{"href":"https:\/\/www.ullarver.is\/en\/wp-json\/wp\/v2\/media?parent=20652"}],"wp:term":[{"taxonomy":"product_brand","embeddable":true,"href":"https:\/\/www.ullarver.is\/en\/wp-json\/wp\/v2\/product_brand?post=20652"},{"taxonomy":"product_cat","embeddable":true,"href":"https:\/\/www.ullarver.is\/en\/wp-json\/wp\/v2\/product_cat?post=20652"},{"taxonomy":"product_tag","embeddable":true,"href":"https:\/\/www.ullarver.is\/en\/wp-json\/wp\/v2\/product_tag?post=20652"}],"curies":[{"name":"wp","href":"https:\/\/api.w.org\/{rel}","templated":true}]}}