{"id":20607,"date":"2025-04-09T15:34:26","date_gmt":"2025-04-09T15:34:26","guid":{"rendered":"https:\/\/www.ullarver.is\/?post_type=product&#038;p=20607"},"modified":"2026-04-11T16:03:36","modified_gmt":"2026-04-11T16:03:36","slug":"chiaogoo-red-lace-hringprjonar","status":"publish","type":"product","link":"https:\/\/www.ullarver.is\/en\/vara\/chiaogoo-red-lace-hringprjonar\/","title":{"rendered":"ChiaoGoo RED Lace\u2122 hringprj\u00f3nar"},"content":{"rendered":"<p>Surgical stainless steel circulars have a smooth, satin-sheen finish and memory-free, multi-strand, steel, nylon-coated, red cable.<\/p>\n<p>Lace tips are machine-precisioned.<\/p>\n<p>Needle size is laser imprinted on each circular.<\/p>\n<p>Our most popular product line!<\/p>\n","protected":false},"excerpt":{"rendered":"<p>Vins\u00e6lu st\u00e1l hringprj\u00f3narnir fr\u00e1 ChiaoGoo.<\/p>\n<p>Prj\u00f3narnir hafa mj\u00faka sat\u00edn\u00e1fer\u00f0 og kapallinn er n\u00e6lonh\u00fa\u00f0a\u00f0ur st\u00e1lv\u00edr.<\/p>\n","protected":false},"featured_media":20681,"comment_status":"open","ping_status":"closed","template":"","meta":[],"product_brand":[695],"product_cat":[525,139,372],"product_tag":[],"class_list":{"0":"post-20607","1":"product","2":"type-product","3":"status-publish","4":"has-post-thumbnail","6":"product_brand-chiaogoo","7":"product_cat-prjonar-og-heklunalar","8":"product_cat-ahold-og-efni-til-handverks","9":"product_cat-ullarverid-endursala-verslun","10":"description-off","12":"first","13":"instock","14":"taxable","15":"shipping-taxable","16":"purchasable","17":"product-type-variable"},"supplier_id":null,"supplier_sku":"","barcode":null,"atum_controlled":true,"out_stock_date":null,"out_stock_threshold":null,"inheritable":true,"inbound_stock":0,"stock_on_hold":0,"sold_today":0,"sales_last_days":1,"reserved_stock":0,"customer_returns":0,"warehouse_damage":0,"lost_in_post":0,"other_logs":0,"out_stock_days":0,"lost_sales":0,"has_location":false,"update_date":"2026-04-15T02:10:47","atum_locations":[],"atum_stock_status":"instock","restock_status":false,"low_stock_amount":"","sales_update_date":"2026-04-15T02:10:47","calc_backorders":null,"jetpack_sharing_enabled":true,"_links":{"self":[{"href":"https:\/\/www.ullarver.is\/en\/wp-json\/wp\/v2\/product\/20607","targetHints":{"allow":["GET"]}}],"collection":[{"href":"https:\/\/www.ullarver.is\/en\/wp-json\/wp\/v2\/product"}],"about":[{"href":"https:\/\/www.ullarver.is\/en\/wp-json\/wp\/v2\/types\/product"}],"replies":[{"embeddable":true,"href":"https:\/\/www.ullarver.is\/en\/wp-json\/wp\/v2\/comments?post=20607"}],"version-history":[{"count":4,"href":"https:\/\/www.ullarver.is\/en\/wp-json\/wp\/v2\/product\/20607\/revisions"}],"predecessor-version":[{"id":23076,"href":"https:\/\/www.ullarver.is\/en\/wp-json\/wp\/v2\/product\/20607\/revisions\/23076"}],"wp:featuredmedia":[{"embeddable":true,"href":"https:\/\/www.ullarver.is\/en\/wp-json\/wp\/v2\/media\/20681"}],"wp:attachment":[{"href":"https:\/\/www.ullarver.is\/en\/wp-json\/wp\/v2\/media?parent=20607"}],"wp:term":[{"taxonomy":"product_brand","embeddable":true,"href":"https:\/\/www.ullarver.is\/en\/wp-json\/wp\/v2\/product_brand?post=20607"},{"taxonomy":"product_cat","embeddable":true,"href":"https:\/\/www.ullarver.is\/en\/wp-json\/wp\/v2\/product_cat?post=20607"},{"taxonomy":"product_tag","embeddable":true,"href":"https:\/\/www.ullarver.is\/en\/wp-json\/wp\/v2\/product_tag?post=20607"}],"curies":[{"name":"wp","href":"https:\/\/api.w.org\/{rel}","templated":true}]}}