{"id":20326,"date":"2025-03-03T18:17:27","date_gmt":"2025-03-03T18:17:27","guid":{"rendered":"https:\/\/www.ullarver.is\/?post_type=product&#038;p=20326"},"modified":"2025-08-13T14:11:00","modified_gmt":"2025-08-13T14:11:00","slug":"ullargarn-fleece-jacob-dk","status":"publish","type":"product","link":"https:\/\/www.ullarver.is\/en\/vara\/ullargarn-fleece-jacob-dk\/","title":{"rendered":"Ullargarn &#8211; Fleece Jacob DK"},"content":{"rendered":"<p><strong>\u00a0Ullargarn fr\u00e1 Bretlandi <\/strong><strong>DK (8 ply)<\/strong><\/p>\n<p>Garni\u00f0 er 100% Fleece Jacob DK garn f\u00e1anlegt \u00ed n\u00e1tt\u00farulegum litum.<\/p>\n<p>Garni\u00f0 er unni\u00f0 \u00ed verksmi\u00f0ju West Yorkshire Spinners og er gert \u00far h\u00e1g\u00e6\u00f0a ull \u00far h\u00e9ru\u00f0unum \u00ed kring.<\/p>\n<p>Ullin kemur \u00fev\u00ed beint fr\u00e1 b\u00f3nda af v\u00f6ldum hj\u00f6r\u00f0um.<\/p>\n<p><strong>Efni:<\/strong> 100% bresk ull<\/p>\n<p>&nbsp;<\/p>\n<p>This sustainable DK wool is spun from natural-coloured Jacob fleece in tones of grey, brown\/black and ecru, to bring a distinctive earthy quality to your projects. Jacob fibres offer incredible stitch definition that allow cables, textures and Fair Isle to shine, and, dating back centuries, this British fleece also brings plenty of rural heritage to every stitch. The wool is ideal for outdoor garments, sweaters and blankets that will keep you warm year after year, season after season. Lofty, cosy and beautifully hardwearing, Jacob DK yarn is British wool at its best.<\/p>\n","protected":false},"excerpt":{"rendered":"<p>Fleece Jacob DK er fallegt ullargarn \u00ed n\u00e1tt\u00farulegum litum.<\/p>\n<p>Ullargarn \u00far 100% breskri ull.<\/p>\n<p>Hentar vel \u00ed peysur og a\u00f0rar fl\u00edkur.<\/p>\n<div class=\"additional-attributes__item\">100% Bresk ull<\/div>\n<div class=\"additional-attributes__item\">100g \/ 225m (246yd) \/ DK<\/div>\n<p>&nbsp;<\/p>\n","protected":false},"featured_media":20419,"comment_status":"open","ping_status":"closed","template":"","meta":[],"product_brand":[489],"product_cat":[206,372,208],"product_tag":[],"class_list":{"0":"post-20326","1":"product","2":"type-product","3":"status-publish","4":"has-post-thumbnail","6":"product_brand-wys","7":"product_cat-garn-og-lopi","8":"product_cat-ullarverid-endursala-verslun","9":"product_cat-west-yorkshire-spinners","10":"description-off","12":"first","13":"instock","14":"taxable","15":"shipping-taxable","16":"purchasable","17":"product-type-variable"},"supplier_id":null,"supplier_sku":"","barcode":null,"atum_controlled":true,"out_stock_date":null,"out_stock_threshold":null,"inheritable":true,"inbound_stock":10,"stock_on_hold":0,"sold_today":0,"sales_last_days":0,"reserved_stock":0,"customer_returns":0,"warehouse_damage":0,"lost_in_post":0,"other_logs":0,"out_stock_days":0,"lost_sales":0,"has_location":false,"update_date":"2026-04-15T02:10:38","atum_locations":[],"atum_stock_status":"instock","restock_status":false,"low_stock_amount":"","sales_update_date":"2026-04-15T02:10:38","calc_backorders":null,"jetpack_sharing_enabled":true,"_links":{"self":[{"href":"https:\/\/www.ullarver.is\/en\/wp-json\/wp\/v2\/product\/20326","targetHints":{"allow":["GET"]}}],"collection":[{"href":"https:\/\/www.ullarver.is\/en\/wp-json\/wp\/v2\/product"}],"about":[{"href":"https:\/\/www.ullarver.is\/en\/wp-json\/wp\/v2\/types\/product"}],"replies":[{"embeddable":true,"href":"https:\/\/www.ullarver.is\/en\/wp-json\/wp\/v2\/comments?post=20326"}],"version-history":[{"count":5,"href":"https:\/\/www.ullarver.is\/en\/wp-json\/wp\/v2\/product\/20326\/revisions"}],"predecessor-version":[{"id":20422,"href":"https:\/\/www.ullarver.is\/en\/wp-json\/wp\/v2\/product\/20326\/revisions\/20422"}],"wp:featuredmedia":[{"embeddable":true,"href":"https:\/\/www.ullarver.is\/en\/wp-json\/wp\/v2\/media\/20419"}],"wp:attachment":[{"href":"https:\/\/www.ullarver.is\/en\/wp-json\/wp\/v2\/media?parent=20326"}],"wp:term":[{"taxonomy":"product_brand","embeddable":true,"href":"https:\/\/www.ullarver.is\/en\/wp-json\/wp\/v2\/product_brand?post=20326"},{"taxonomy":"product_cat","embeddable":true,"href":"https:\/\/www.ullarver.is\/en\/wp-json\/wp\/v2\/product_cat?post=20326"},{"taxonomy":"product_tag","embeddable":true,"href":"https:\/\/www.ullarver.is\/en\/wp-json\/wp\/v2\/product_tag?post=20326"}],"curies":[{"name":"wp","href":"https:\/\/api.w.org\/{rel}","templated":true}]}}