{"id":20274,"date":"2025-02-25T17:36:52","date_gmt":"2025-02-25T17:36:52","guid":{"rendered":"https:\/\/www.ullarver.is\/?post_type=product&#038;p=20274"},"modified":"2026-04-13T14:39:56","modified_gmt":"2026-04-13T14:39:56","slug":"wys-bo-peep-dk-garn","status":"publish","type":"product","link":"https:\/\/www.ullarver.is\/en\/vara\/wys-bo-peep-dk-garn\/","title":{"rendered":"WYS &#8211; Bo Peep DK garn"},"content":{"rendered":"<p>The superb Bo Peep Luxury Baby DK is a delicate yet durable baby yarn that\u2019s perfect for young adventurers who love to explore, get messy and enjoy a little rough and tumble. The yarn is made using pure Falklands wool with added nylon for strength, and because it\u2019s machine washable up to 40\u00b0C, projects will be able to handle a few spills too. Mix and match the fun colour palette of solid shades and playful prints to create jumpers, hats, dresses and toys that will be cherished for years to come.<\/p>\n<div class=\"additional-attributes__item\">52% Falkland Wool<\/div>\n<div class=\"additional-attributes__item\">48% Nylon<\/div>\n<div class=\"additional-attributes__item\">50g \/ 112m (122yd) \/ DK<\/div>\n","protected":false},"excerpt":{"rendered":"<div>Mj\u00fakt og fallegt ullargarn blanda\u00f0 me\u00f0 nylon til a\u00f0 auka m\u00fdkt og styrkleika.<\/div>\n<div>Tilvali\u00f0 fyrir b\u00f6rnin.<\/div>\n<div><\/div>\n<div class=\"additional-attributes__item\">52% Falklandseyja ull<\/div>\n<div class=\"additional-attributes__item\">48% Nylon<\/div>\n<div class=\"additional-attributes__item\">50g \/ 112m (122yd) \/ DK<\/div>\n","protected":false},"featured_media":20283,"comment_status":"open","ping_status":"closed","template":"","meta":[],"product_brand":[489],"product_cat":[206,208],"product_tag":[],"class_list":{"0":"post-20274","1":"product","2":"type-product","3":"status-publish","4":"has-post-thumbnail","6":"product_brand-wys","7":"product_cat-garn-og-lopi","8":"product_cat-west-yorkshire-spinners","9":"description-off","11":"first","12":"instock","13":"taxable","14":"shipping-taxable","15":"purchasable","16":"product-type-variable"},"supplier_id":null,"supplier_sku":"","barcode":null,"atum_controlled":true,"out_stock_date":null,"out_stock_threshold":null,"inheritable":true,"inbound_stock":40,"stock_on_hold":0,"sold_today":0,"sales_last_days":10,"reserved_stock":0,"customer_returns":0,"warehouse_damage":0,"lost_in_post":0,"other_logs":0,"out_stock_days":0,"lost_sales":0,"has_location":false,"update_date":"2026-04-15T02:10:47","atum_locations":[],"atum_stock_status":"instock","restock_status":false,"low_stock_amount":"","sales_update_date":"2026-04-15T02:10:47","calc_backorders":null,"jetpack_sharing_enabled":true,"_links":{"self":[{"href":"https:\/\/www.ullarver.is\/en\/wp-json\/wp\/v2\/product\/20274","targetHints":{"allow":["GET"]}}],"collection":[{"href":"https:\/\/www.ullarver.is\/en\/wp-json\/wp\/v2\/product"}],"about":[{"href":"https:\/\/www.ullarver.is\/en\/wp-json\/wp\/v2\/types\/product"}],"replies":[{"embeddable":true,"href":"https:\/\/www.ullarver.is\/en\/wp-json\/wp\/v2\/comments?post=20274"}],"version-history":[{"count":5,"href":"https:\/\/www.ullarver.is\/en\/wp-json\/wp\/v2\/product\/20274\/revisions"}],"predecessor-version":[{"id":21055,"href":"https:\/\/www.ullarver.is\/en\/wp-json\/wp\/v2\/product\/20274\/revisions\/21055"}],"wp:featuredmedia":[{"embeddable":true,"href":"https:\/\/www.ullarver.is\/en\/wp-json\/wp\/v2\/media\/20283"}],"wp:attachment":[{"href":"https:\/\/www.ullarver.is\/en\/wp-json\/wp\/v2\/media?parent=20274"}],"wp:term":[{"taxonomy":"product_brand","embeddable":true,"href":"https:\/\/www.ullarver.is\/en\/wp-json\/wp\/v2\/product_brand?post=20274"},{"taxonomy":"product_cat","embeddable":true,"href":"https:\/\/www.ullarver.is\/en\/wp-json\/wp\/v2\/product_cat?post=20274"},{"taxonomy":"product_tag","embeddable":true,"href":"https:\/\/www.ullarver.is\/en\/wp-json\/wp\/v2\/product_tag?post=20274"}],"curies":[{"name":"wp","href":"https:\/\/api.w.org\/{rel}","templated":true}]}}