{"id":19943,"date":"2025-01-26T16:24:15","date_gmt":"2025-01-26T16:24:15","guid":{"rendered":"https:\/\/www.ullarver.is\/?post_type=product&#038;p=19943"},"modified":"2026-04-09T16:32:54","modified_gmt":"2026-04-09T16:32:54","slug":"wys-elements-dk-garn","status":"publish","type":"product","link":"https:\/\/www.ullarver.is\/en\/vara\/wys-elements-dk-garn\/","title":{"rendered":"WYS &#8211; Elements DK garn"},"content":{"rendered":"<p><!--more-->Naturally light and luxurious, Elements DK is a sophisticated yarn in shades inspired by the joyful hues of summer. This sustainable yarn has been created with the environment in mind and uses a naturally harmonious blend of Falkland Islands wool and TENCELTM Lyocell harvested from sustainably managed wood sources, which are biodegradable and fully compostable. The yarn creates a super-soft breathable fabric with graceful drape and superb sheen, making it a fantastic choice for summer tops, cardigans and sweaters. Elements DK also enhances lace, colourwork and textures beautifully.<\/p>\n<div class=\"additional-attributes__item\">60% TENCEL\u2122 Lyocell<\/div>\n<div class=\"additional-attributes__item\">40% Falkland Islands Wool<\/div>\n<div class=\"additional-attributes__item\">50g \/ 122m (122yd) \/ DK<\/div>\n","protected":false},"excerpt":{"rendered":"<p>Elements DK garni\u00f0 er silkimj\u00fakt garn \u00far ull og Tencel.<\/p>\n<p>Hentar vel \u00ed barnapeysur og l\u00e9ttar fl\u00edkur.<\/p>\n<div class=\"additional-attributes__item\">60% TENCEL\u2122 Lyocell<\/div>\n<div class=\"additional-attributes__item\">40% Falklandseyja ull<\/div>\n<div class=\"additional-attributes__item\">50g \/ 122m (122yd) \/ DK<\/div>\n","protected":false},"featured_media":19967,"comment_status":"open","ping_status":"closed","template":"","meta":[],"product_brand":[489],"product_cat":[206,208],"product_tag":[],"class_list":{"0":"post-19943","1":"product","2":"type-product","3":"status-publish","4":"has-post-thumbnail","6":"product_brand-wys","7":"product_cat-garn-og-lopi","8":"product_cat-west-yorkshire-spinners","9":"description-off","11":"first","12":"instock","13":"taxable","14":"shipping-taxable","15":"purchasable","16":"product-type-variable"},"supplier_id":null,"supplier_sku":"","barcode":null,"atum_controlled":true,"out_stock_date":null,"out_stock_threshold":null,"inheritable":true,"inbound_stock":70,"stock_on_hold":0,"sold_today":0,"sales_last_days":9,"reserved_stock":0,"customer_returns":0,"warehouse_damage":0,"lost_in_post":0,"other_logs":0,"out_stock_days":0,"lost_sales":0,"has_location":false,"update_date":"2026-04-15T02:10:47","atum_locations":[],"atum_stock_status":"instock","restock_status":false,"low_stock_amount":"","sales_update_date":"2026-04-15T02:10:47","calc_backorders":null,"jetpack_sharing_enabled":true,"_links":{"self":[{"href":"https:\/\/www.ullarver.is\/en\/wp-json\/wp\/v2\/product\/19943","targetHints":{"allow":["GET"]}}],"collection":[{"href":"https:\/\/www.ullarver.is\/en\/wp-json\/wp\/v2\/product"}],"about":[{"href":"https:\/\/www.ullarver.is\/en\/wp-json\/wp\/v2\/types\/product"}],"replies":[{"embeddable":true,"href":"https:\/\/www.ullarver.is\/en\/wp-json\/wp\/v2\/comments?post=19943"}],"version-history":[{"count":5,"href":"https:\/\/www.ullarver.is\/en\/wp-json\/wp\/v2\/product\/19943\/revisions"}],"predecessor-version":[{"id":20117,"href":"https:\/\/www.ullarver.is\/en\/wp-json\/wp\/v2\/product\/19943\/revisions\/20117"}],"wp:featuredmedia":[{"embeddable":true,"href":"https:\/\/www.ullarver.is\/en\/wp-json\/wp\/v2\/media\/19967"}],"wp:attachment":[{"href":"https:\/\/www.ullarver.is\/en\/wp-json\/wp\/v2\/media?parent=19943"}],"wp:term":[{"taxonomy":"product_brand","embeddable":true,"href":"https:\/\/www.ullarver.is\/en\/wp-json\/wp\/v2\/product_brand?post=19943"},{"taxonomy":"product_cat","embeddable":true,"href":"https:\/\/www.ullarver.is\/en\/wp-json\/wp\/v2\/product_cat?post=19943"},{"taxonomy":"product_tag","embeddable":true,"href":"https:\/\/www.ullarver.is\/en\/wp-json\/wp\/v2\/product_tag?post=19943"}],"curies":[{"name":"wp","href":"https:\/\/api.w.org\/{rel}","templated":true}]}}