{"id":19763,"date":"2025-01-03T15:31:07","date_gmt":"2025-01-03T15:31:07","guid":{"rendered":"https:\/\/www.ullarver.is\/?post_type=product&#038;p=19763"},"modified":"2026-04-11T12:18:15","modified_gmt":"2026-04-11T12:18:15","slug":"wys-colorlab-sock","status":"publish","type":"product","link":"https:\/\/www.ullarver.is\/en\/vara\/wys-colorlab-sock\/","title":{"rendered":"WYS &#8211; ColorLab Sokkagarn"},"content":{"rendered":"<p>Bring fabulous colour to your sock drawer with ColourLab Sock. Our classic British wool DK spun with 25% nylon for added strength and durability \u2013 making for warm and wearable socks. Pick your musical mood with impactful colours that will be sure to make you sing and dance!<\/p>\n","protected":false},"excerpt":{"rendered":"<div>Yndislegt alhli\u00f0a ullargarn, fullkomi\u00f0 \u00ed sokka.<\/div>\n<div><\/div>\n<div>\n<div class=\"additional-attributes__item\">150g \/ 337m (367yd) \/ DK<\/div>\n<div class=\"additional-attributes__item\">75% Bresk ull<br \/>\n25% Nylon<\/div>\n<\/div>\n","protected":false},"featured_media":19885,"comment_status":"open","ping_status":"closed","template":"","meta":[],"product_brand":[489],"product_cat":[208,206],"product_tag":[],"class_list":{"0":"post-19763","1":"product","2":"type-product","3":"status-publish","4":"has-post-thumbnail","6":"product_brand-wys","7":"product_cat-west-yorkshire-spinners","8":"product_cat-garn-og-lopi","9":"description-off","11":"first","12":"instock","13":"taxable","14":"shipping-taxable","15":"purchasable","16":"product-type-variable"},"supplier_id":null,"supplier_sku":"","barcode":null,"atum_controlled":true,"out_stock_date":null,"out_stock_threshold":null,"inheritable":true,"inbound_stock":0,"stock_on_hold":0,"sold_today":0,"sales_last_days":1,"reserved_stock":0,"customer_returns":0,"warehouse_damage":0,"lost_in_post":0,"other_logs":0,"out_stock_days":0,"lost_sales":0,"has_location":false,"update_date":"2026-04-15T02:10:47","atum_locations":[],"atum_stock_status":"instock","restock_status":false,"low_stock_amount":"","sales_update_date":"2026-04-15T02:10:47","calc_backorders":null,"jetpack_sharing_enabled":true,"_links":{"self":[{"href":"https:\/\/www.ullarver.is\/en\/wp-json\/wp\/v2\/product\/19763","targetHints":{"allow":["GET"]}}],"collection":[{"href":"https:\/\/www.ullarver.is\/en\/wp-json\/wp\/v2\/product"}],"about":[{"href":"https:\/\/www.ullarver.is\/en\/wp-json\/wp\/v2\/types\/product"}],"replies":[{"embeddable":true,"href":"https:\/\/www.ullarver.is\/en\/wp-json\/wp\/v2\/comments?post=19763"}],"version-history":[{"count":9,"href":"https:\/\/www.ullarver.is\/en\/wp-json\/wp\/v2\/product\/19763\/revisions"}],"predecessor-version":[{"id":21285,"href":"https:\/\/www.ullarver.is\/en\/wp-json\/wp\/v2\/product\/19763\/revisions\/21285"}],"wp:featuredmedia":[{"embeddable":true,"href":"https:\/\/www.ullarver.is\/en\/wp-json\/wp\/v2\/media\/19885"}],"wp:attachment":[{"href":"https:\/\/www.ullarver.is\/en\/wp-json\/wp\/v2\/media?parent=19763"}],"wp:term":[{"taxonomy":"product_brand","embeddable":true,"href":"https:\/\/www.ullarver.is\/en\/wp-json\/wp\/v2\/product_brand?post=19763"},{"taxonomy":"product_cat","embeddable":true,"href":"https:\/\/www.ullarver.is\/en\/wp-json\/wp\/v2\/product_cat?post=19763"},{"taxonomy":"product_tag","embeddable":true,"href":"https:\/\/www.ullarver.is\/en\/wp-json\/wp\/v2\/product_tag?post=19763"}],"curies":[{"name":"wp","href":"https:\/\/api.w.org\/{rel}","templated":true}]}}