{"id":19068,"date":"2025-01-03T14:48:35","date_gmt":"2025-01-03T14:48:35","guid":{"rendered":"https:\/\/www.ullarver.is\/?post_type=product&#038;p=19068"},"modified":"2025-10-30T15:51:30","modified_gmt":"2025-10-30T15:51:30","slug":"wys-signature-4ply-garn","status":"publish","type":"product","link":"https:\/\/www.ullarver.is\/en\/vara\/wys-signature-4ply-garn\/","title":{"rendered":"WYS &#8211; Signature 4ply garn mislitt"},"content":{"rendered":"<div>The charming self-striping shades of our Signature 4ply Country Birds range takes its beautiful colours from Britain\u2019s favourite birds, including goldfinch, kingfisher and owl. With all the excellent qualities of Signature 4ply\u2019s durable yet sumptuous blend of 75% wool, which includes Bluefaced Leicester, this yarn has added nylon, ideal for making socks that last. Nature lovers can also combine the colourways with solid shades from the original Signature 4ply range to make all-weather shawls and scarves ideal for country walks among the birds.<\/div>\n<div><\/div>\n<div class=\"additional-attributes__item\">75% Wool 25% Nylon<\/div>\n<div class=\"additional-attributes__item\">100g \/ 400m (437yd) \/ 4ply<\/div>\n","protected":false},"excerpt":{"rendered":"<div>Signature 4ply garn er yndislegt alhli\u00f0a ullargarn og sokkagarn.<\/div>\n<div>Fallegt garn \u00ed sokka, sj\u00f6l og trefla og a\u00f0rar l\u00e9ttar fl\u00edkur<\/div>\n<div><\/div>\n<div class=\"additional-attributes__item\">75% Ull 25% Nylon<\/div>\n<div class=\"additional-attributes__item\">100g \/ 400m (437yd) \/ 4ply<\/div>\n","protected":false},"featured_media":20030,"comment_status":"open","ping_status":"closed","template":"","meta":[],"product_brand":[489],"product_cat":[208,206],"product_tag":[],"class_list":{"0":"post-19068","1":"product","2":"type-product","3":"status-publish","4":"has-post-thumbnail","6":"product_brand-wys","7":"product_cat-west-yorkshire-spinners","8":"product_cat-garn-og-lopi","9":"description-off","11":"first","12":"instock","13":"taxable","14":"shipping-taxable","15":"purchasable","16":"product-type-variable"},"supplier_id":null,"supplier_sku":"","barcode":null,"atum_controlled":true,"out_stock_date":"2024-12-20 16:41:56","out_stock_threshold":null,"inheritable":true,"inbound_stock":0,"stock_on_hold":0,"sold_today":0,"sales_last_days":0,"reserved_stock":0,"customer_returns":0,"warehouse_damage":0,"lost_in_post":0,"other_logs":0,"out_stock_days":480,"lost_sales":0,"has_location":false,"update_date":"2026-04-15T02:10:39","atum_locations":[],"atum_stock_status":"instock","restock_status":false,"low_stock_amount":"","sales_update_date":"2026-04-15T02:10:39","calc_backorders":null,"jetpack_sharing_enabled":true,"_links":{"self":[{"href":"https:\/\/www.ullarver.is\/en\/wp-json\/wp\/v2\/product\/19068","targetHints":{"allow":["GET"]}}],"collection":[{"href":"https:\/\/www.ullarver.is\/en\/wp-json\/wp\/v2\/product"}],"about":[{"href":"https:\/\/www.ullarver.is\/en\/wp-json\/wp\/v2\/types\/product"}],"replies":[{"embeddable":true,"href":"https:\/\/www.ullarver.is\/en\/wp-json\/wp\/v2\/comments?post=19068"}],"version-history":[{"count":9,"href":"https:\/\/www.ullarver.is\/en\/wp-json\/wp\/v2\/product\/19068\/revisions"}],"predecessor-version":[{"id":23461,"href":"https:\/\/www.ullarver.is\/en\/wp-json\/wp\/v2\/product\/19068\/revisions\/23461"}],"wp:featuredmedia":[{"embeddable":true,"href":"https:\/\/www.ullarver.is\/en\/wp-json\/wp\/v2\/media\/20030"}],"wp:attachment":[{"href":"https:\/\/www.ullarver.is\/en\/wp-json\/wp\/v2\/media?parent=19068"}],"wp:term":[{"taxonomy":"product_brand","embeddable":true,"href":"https:\/\/www.ullarver.is\/en\/wp-json\/wp\/v2\/product_brand?post=19068"},{"taxonomy":"product_cat","embeddable":true,"href":"https:\/\/www.ullarver.is\/en\/wp-json\/wp\/v2\/product_cat?post=19068"},{"taxonomy":"product_tag","embeddable":true,"href":"https:\/\/www.ullarver.is\/en\/wp-json\/wp\/v2\/product_tag?post=19068"}],"curies":[{"name":"wp","href":"https:\/\/api.w.org\/{rel}","templated":true}]}}