{"id":18976,"date":"2024-12-11T18:47:10","date_gmt":"2024-12-11T18:47:10","guid":{"rendered":"https:\/\/www.ullarver.is\/vara\/gift-card\/"},"modified":"2025-10-21T15:27:40","modified_gmt":"2025-10-21T15:27:40","slug":"gift-card","status":"publish","type":"product","link":"https:\/\/www.ullarver.is\/en\/vara\/gift-card\/","title":{"rendered":"Gjafakort"},"content":{"rendered":"","protected":false},"excerpt":{"rendered":"<p>Gjafakort Ullarversins. Rafr\u00e6nt gjafakort sem h\u00e6gt er a\u00f0 senda \u00ed t\u00f6lvup\u00f3sti e\u00f0a prenta \u00fat og gefa.<\/p>\n","protected":false},"featured_media":18981,"comment_status":"open","ping_status":"closed","template":"","meta":[],"product_brand":[491],"product_cat":[139,372],"product_tag":[333],"class_list":{"0":"post-18976","1":"product","2":"type-product","3":"status-publish","4":"has-post-thumbnail","6":"product_brand-ullarverid","7":"product_cat-ahold-og-efni-til-handverks","8":"product_cat-ullarverid-endursala-verslun","9":"product_tag-ullarverid","10":"description-off","12":"first","13":"instock","14":"product-type-simple"},"supplier_id":null,"supplier_sku":"","barcode":null,"atum_controlled":true,"out_stock_date":null,"out_stock_threshold":null,"inheritable":false,"inbound_stock":0,"stock_on_hold":0,"sold_today":0,"sales_last_days":0,"reserved_stock":0,"customer_returns":0,"warehouse_damage":0,"lost_in_post":0,"other_logs":0,"out_stock_days":0,"lost_sales":0,"has_location":false,"update_date":"2026-04-17T02:15:38","atum_locations":[],"atum_stock_status":"instock","restock_status":false,"low_stock_amount":"","sales_update_date":"2026-04-17T02:15:38","calc_backorders":null,"jetpack_sharing_enabled":true,"_links":{"self":[{"href":"https:\/\/www.ullarver.is\/en\/wp-json\/wp\/v2\/product\/18976","targetHints":{"allow":["GET"]}}],"collection":[{"href":"https:\/\/www.ullarver.is\/en\/wp-json\/wp\/v2\/product"}],"about":[{"href":"https:\/\/www.ullarver.is\/en\/wp-json\/wp\/v2\/types\/product"}],"replies":[{"embeddable":true,"href":"https:\/\/www.ullarver.is\/en\/wp-json\/wp\/v2\/comments?post=18976"}],"version-history":[{"count":3,"href":"https:\/\/www.ullarver.is\/en\/wp-json\/wp\/v2\/product\/18976\/revisions"}],"predecessor-version":[{"id":18984,"href":"https:\/\/www.ullarver.is\/en\/wp-json\/wp\/v2\/product\/18976\/revisions\/18984"}],"wp:featuredmedia":[{"embeddable":true,"href":"https:\/\/www.ullarver.is\/en\/wp-json\/wp\/v2\/media\/18981"}],"wp:attachment":[{"href":"https:\/\/www.ullarver.is\/en\/wp-json\/wp\/v2\/media?parent=18976"}],"wp:term":[{"taxonomy":"product_brand","embeddable":true,"href":"https:\/\/www.ullarver.is\/en\/wp-json\/wp\/v2\/product_brand?post=18976"},{"taxonomy":"product_cat","embeddable":true,"href":"https:\/\/www.ullarver.is\/en\/wp-json\/wp\/v2\/product_cat?post=18976"},{"taxonomy":"product_tag","embeddable":true,"href":"https:\/\/www.ullarver.is\/en\/wp-json\/wp\/v2\/product_tag?post=18976"}],"curies":[{"name":"wp","href":"https:\/\/api.w.org\/{rel}","templated":true}]}}