{"id":18795,"date":"2024-11-28T20:40:22","date_gmt":"2024-11-28T20:40:22","guid":{"rendered":"https:\/\/www.ullarver.is\/?post_type=product&#038;p=18795"},"modified":"2025-08-13T14:11:49","modified_gmt":"2025-08-13T14:11:49","slug":"prjonabok-aevintyri-nr-42","status":"publish","type":"product","link":"https:\/\/www.ullarver.is\/en\/vara\/prjonabok-aevintyri-nr-42\/","title":{"rendered":"Prj\u00f3nab\u00f3k &#8211; \u00c6vint\u00fdri nr 42"},"content":{"rendered":"<p>\u00c6vint\u00fdri nr 42<\/p>\n<p>&nbsp;<\/p>\n<p>Sj\u00e1 n\u00e1nar <a href=\"https:\/\/lopidesign.is\/\" target=\"_blank\" rel=\"noopener\">Lopi Design | \u00cdslenskar prj\u00f3nauppskriftir | lopidesign.is<\/a><\/p>\n","protected":false},"excerpt":{"rendered":"<p>\u00c6vint\u00fdri nr 42<\/p>\n<p>\u00cdslenska<\/p>\n","protected":false},"featured_media":18787,"comment_status":"open","ping_status":"closed","template":"","meta":[],"product_brand":[490],"product_cat":[325,143,372],"product_tag":[],"class_list":{"0":"post-18795","1":"product","2":"type-product","3":"status-publish","4":"has-post-thumbnail","6":"product_brand-istex","7":"product_cat-prjonabaekur-og-uppskriftir","8":"product_cat-smavara","9":"product_cat-ullarverid-endursala-verslun","10":"description-off","12":"first","13":"instock","14":"taxable","15":"shipping-taxable","16":"purchasable","17":"product-type-simple"},"supplier_id":18608,"supplier_sku":"","barcode":null,"atum_controlled":true,"out_stock_date":null,"out_stock_threshold":null,"inheritable":false,"inbound_stock":0,"stock_on_hold":0,"sold_today":0,"sales_last_days":0,"reserved_stock":0,"customer_returns":0,"warehouse_damage":0,"lost_in_post":0,"other_logs":0,"out_stock_days":0,"lost_sales":0,"has_location":false,"update_date":"2026-05-03T03:27:49","atum_locations":[],"atum_stock_status":"instock","restock_status":false,"low_stock_amount":"","sales_update_date":"2026-05-03T03:27:49","calc_backorders":null,"jetpack_sharing_enabled":true,"_links":{"self":[{"href":"https:\/\/www.ullarver.is\/en\/wp-json\/wp\/v2\/product\/18795","targetHints":{"allow":["GET"]}}],"collection":[{"href":"https:\/\/www.ullarver.is\/en\/wp-json\/wp\/v2\/product"}],"about":[{"href":"https:\/\/www.ullarver.is\/en\/wp-json\/wp\/v2\/types\/product"}],"replies":[{"embeddable":true,"href":"https:\/\/www.ullarver.is\/en\/wp-json\/wp\/v2\/comments?post=18795"}],"version-history":[{"count":2,"href":"https:\/\/www.ullarver.is\/en\/wp-json\/wp\/v2\/product\/18795\/revisions"}],"predecessor-version":[{"id":18797,"href":"https:\/\/www.ullarver.is\/en\/wp-json\/wp\/v2\/product\/18795\/revisions\/18797"}],"wp:featuredmedia":[{"embeddable":true,"href":"https:\/\/www.ullarver.is\/en\/wp-json\/wp\/v2\/media\/18787"}],"wp:attachment":[{"href":"https:\/\/www.ullarver.is\/en\/wp-json\/wp\/v2\/media?parent=18795"}],"wp:term":[{"taxonomy":"product_brand","embeddable":true,"href":"https:\/\/www.ullarver.is\/en\/wp-json\/wp\/v2\/product_brand?post=18795"},{"taxonomy":"product_cat","embeddable":true,"href":"https:\/\/www.ullarver.is\/en\/wp-json\/wp\/v2\/product_cat?post=18795"},{"taxonomy":"product_tag","embeddable":true,"href":"https:\/\/www.ullarver.is\/en\/wp-json\/wp\/v2\/product_tag?post=18795"}],"curies":[{"name":"wp","href":"https:\/\/api.w.org\/{rel}","templated":true}]}}