{"id":18786,"date":"2024-11-28T21:26:28","date_gmt":"2024-11-28T21:26:28","guid":{"rendered":"https:\/\/www.ullarver.is\/?post_type=product&#038;p=18786"},"modified":"2026-04-18T14:19:27","modified_gmt":"2026-04-18T14:19:27","slug":"prjonabok-vetrartid-nr-44","status":"publish","type":"product","link":"https:\/\/www.ullarver.is\/en\/vara\/prjonabok-vetrartid-nr-44\/","title":{"rendered":"Prj\u00f3nab\u00f3k &#8211; Vetrart\u00ed\u00f0 nr 44"},"content":{"rendered":"<p>Vetrart\u00ed\u00f0 &#8211; Lopi 44<\/p>\n<p>&nbsp;<\/p>\n<p>Sj\u00e1 n\u00e1nar <a href=\"https:\/\/lopidesign.is\/\" target=\"_blank\" rel=\"noopener\">Lopi Design | \u00cdslenskar prj\u00f3nauppskriftir | lopidesign.is<\/a><\/p>\n","protected":false},"excerpt":{"rendered":"<p>Vetrart\u00ed\u00f0 &#8211; Lopi 44<\/p>\n<p>\u00cdslenska<\/p>\n","protected":false},"featured_media":18788,"comment_status":"open","ping_status":"closed","template":"","meta":[],"product_brand":[490],"product_cat":[325,143,372],"product_tag":[],"class_list":{"0":"post-18786","1":"product","2":"type-product","3":"status-publish","4":"has-post-thumbnail","6":"product_brand-istex","7":"product_cat-prjonabaekur-og-uppskriftir","8":"product_cat-smavara","9":"product_cat-ullarverid-endursala-verslun","10":"description-off","12":"first","13":"outofstock","14":"taxable","15":"shipping-taxable","16":"purchasable","17":"product-type-simple"},"supplier_id":18608,"supplier_sku":"","barcode":null,"atum_controlled":true,"out_stock_date":"2026-04-18 14:19:27","out_stock_threshold":null,"inheritable":false,"inbound_stock":0,"stock_on_hold":0,"sold_today":0,"sales_last_days":1,"reserved_stock":0,"customer_returns":0,"warehouse_damage":0,"lost_in_post":0,"other_logs":0,"out_stock_days":2,"lost_sales":1428.571429,"has_location":false,"update_date":"2026-04-21T02:38:49","atum_locations":[],"atum_stock_status":"outofstock","restock_status":false,"low_stock_amount":"","sales_update_date":"2026-04-21T02:38:49","calc_backorders":null,"jetpack_sharing_enabled":true,"_links":{"self":[{"href":"https:\/\/www.ullarver.is\/en\/wp-json\/wp\/v2\/product\/18786","targetHints":{"allow":["GET"]}}],"collection":[{"href":"https:\/\/www.ullarver.is\/en\/wp-json\/wp\/v2\/product"}],"about":[{"href":"https:\/\/www.ullarver.is\/en\/wp-json\/wp\/v2\/types\/product"}],"replies":[{"embeddable":true,"href":"https:\/\/www.ullarver.is\/en\/wp-json\/wp\/v2\/comments?post=18786"}],"version-history":[{"count":2,"href":"https:\/\/www.ullarver.is\/en\/wp-json\/wp\/v2\/product\/18786\/revisions"}],"predecessor-version":[{"id":18798,"href":"https:\/\/www.ullarver.is\/en\/wp-json\/wp\/v2\/product\/18786\/revisions\/18798"}],"wp:featuredmedia":[{"embeddable":true,"href":"https:\/\/www.ullarver.is\/en\/wp-json\/wp\/v2\/media\/18788"}],"wp:attachment":[{"href":"https:\/\/www.ullarver.is\/en\/wp-json\/wp\/v2\/media?parent=18786"}],"wp:term":[{"taxonomy":"product_brand","embeddable":true,"href":"https:\/\/www.ullarver.is\/en\/wp-json\/wp\/v2\/product_brand?post=18786"},{"taxonomy":"product_cat","embeddable":true,"href":"https:\/\/www.ullarver.is\/en\/wp-json\/wp\/v2\/product_cat?post=18786"},{"taxonomy":"product_tag","embeddable":true,"href":"https:\/\/www.ullarver.is\/en\/wp-json\/wp\/v2\/product_tag?post=18786"}],"curies":[{"name":"wp","href":"https:\/\/api.w.org\/{rel}","templated":true}]}}