{"id":18782,"date":"2024-11-28T20:35:34","date_gmt":"2024-11-28T20:35:34","guid":{"rendered":"https:\/\/www.ullarver.is\/?post_type=product&#038;p=18782"},"modified":"2025-10-23T13:01:55","modified_gmt":"2025-10-23T13:01:55","slug":"thaefdir-inniskor","status":"publish","type":"product","link":"https:\/\/www.ullarver.is\/en\/vara\/thaefdir-inniskor\/","title":{"rendered":"Birgit Braun"},"content":{"rendered":"<p>\u00de\u00e6f\u00f0ir innisk\u00f3r<\/p>\n","protected":false},"excerpt":{"rendered":"<p>\u00de\u00e6f\u00f0ir innisk\u00f3r.<\/p>\n<p>H\u00f6nnu\u00f0ur Birgit Braun<\/p>\n","protected":false},"featured_media":18864,"comment_status":"open","ping_status":"closed","template":"","meta":[],"product_brand":[],"product_cat":[147],"product_tag":[337,469],"class_list":{"0":"post-18782","1":"product","2":"type-product","3":"status-publish","4":"has-post-thumbnail","6":"product_cat-umbodssala","7":"product_tag-birgit-braun","8":"product_tag-umbodssala-an-vsk","9":"description-off","11":"first","12":"instock","13":"purchasable","14":"product-type-variable"},"supplier_id":18719,"supplier_sku":"","barcode":null,"atum_controlled":true,"out_stock_date":null,"out_stock_threshold":null,"inheritable":true,"inbound_stock":0,"stock_on_hold":0,"sold_today":0,"sales_last_days":0,"reserved_stock":0,"customer_returns":0,"warehouse_damage":0,"lost_in_post":0,"other_logs":0,"out_stock_days":0,"lost_sales":0,"has_location":false,"update_date":"2026-04-20T02:24:12","atum_locations":[],"atum_stock_status":"instock","restock_status":false,"low_stock_amount":"","sales_update_date":"2026-04-20T02:24:12","calc_backorders":null,"jetpack_sharing_enabled":true,"_links":{"self":[{"href":"https:\/\/www.ullarver.is\/en\/wp-json\/wp\/v2\/product\/18782","targetHints":{"allow":["GET"]}}],"collection":[{"href":"https:\/\/www.ullarver.is\/en\/wp-json\/wp\/v2\/product"}],"about":[{"href":"https:\/\/www.ullarver.is\/en\/wp-json\/wp\/v2\/types\/product"}],"replies":[{"embeddable":true,"href":"https:\/\/www.ullarver.is\/en\/wp-json\/wp\/v2\/comments?post=18782"}],"version-history":[{"count":4,"href":"https:\/\/www.ullarver.is\/en\/wp-json\/wp\/v2\/product\/18782\/revisions"}],"predecessor-version":[{"id":18865,"href":"https:\/\/www.ullarver.is\/en\/wp-json\/wp\/v2\/product\/18782\/revisions\/18865"}],"wp:featuredmedia":[{"embeddable":true,"href":"https:\/\/www.ullarver.is\/en\/wp-json\/wp\/v2\/media\/18864"}],"wp:attachment":[{"href":"https:\/\/www.ullarver.is\/en\/wp-json\/wp\/v2\/media?parent=18782"}],"wp:term":[{"taxonomy":"product_brand","embeddable":true,"href":"https:\/\/www.ullarver.is\/en\/wp-json\/wp\/v2\/product_brand?post=18782"},{"taxonomy":"product_cat","embeddable":true,"href":"https:\/\/www.ullarver.is\/en\/wp-json\/wp\/v2\/product_cat?post=18782"},{"taxonomy":"product_tag","embeddable":true,"href":"https:\/\/www.ullarver.is\/en\/wp-json\/wp\/v2\/product_tag?post=18782"}],"curies":[{"name":"wp","href":"https:\/\/api.w.org\/{rel}","templated":true}]}}