{"id":18731,"date":"2024-11-25T16:41:11","date_gmt":"2024-11-25T16:41:11","guid":{"rendered":"https:\/\/www.ullarver.is\/?post_type=product&#038;p=18731"},"modified":"2026-03-16T16:43:58","modified_gmt":"2026-03-16T16:43:58","slug":"nalar","status":"publish","type":"product","link":"https:\/\/www.ullarver.is\/en\/vara\/nalar\/","title":{"rendered":"N\u00e1lar"},"content":{"rendered":"<p>N\u00e1lar \u00ed fr\u00e1ganginn<\/p>\n","protected":false},"excerpt":{"rendered":"<p>N\u00e1lar \u00ed fr\u00e1ganginn<\/p>\n","protected":false},"featured_media":18744,"comment_status":"open","ping_status":"closed","template":"","meta":[],"product_brand":[491],"product_cat":[143,372],"product_tag":[],"class_list":{"0":"post-18731","1":"product","2":"type-product","3":"status-publish","4":"has-post-thumbnail","6":"product_brand-ullarverid","7":"product_cat-smavara","8":"product_cat-ullarverid-endursala-verslun","9":"description-off","11":"first","12":"instock","13":"taxable","14":"shipping-taxable","15":"purchasable","16":"product-type-variable"},"supplier_id":null,"supplier_sku":"","barcode":null,"atum_controlled":true,"out_stock_date":null,"out_stock_threshold":null,"inheritable":true,"inbound_stock":0,"stock_on_hold":0,"sold_today":0,"sales_last_days":0,"reserved_stock":0,"customer_returns":0,"warehouse_damage":0,"lost_in_post":0,"other_logs":0,"out_stock_days":0,"lost_sales":0,"has_location":false,"update_date":"2026-04-15T02:10:29","atum_locations":[],"atum_stock_status":"instock","restock_status":false,"low_stock_amount":"","sales_update_date":"2026-04-15T02:10:29","calc_backorders":null,"jetpack_sharing_enabled":true,"_links":{"self":[{"href":"https:\/\/www.ullarver.is\/en\/wp-json\/wp\/v2\/product\/18731","targetHints":{"allow":["GET"]}}],"collection":[{"href":"https:\/\/www.ullarver.is\/en\/wp-json\/wp\/v2\/product"}],"about":[{"href":"https:\/\/www.ullarver.is\/en\/wp-json\/wp\/v2\/types\/product"}],"replies":[{"embeddable":true,"href":"https:\/\/www.ullarver.is\/en\/wp-json\/wp\/v2\/comments?post=18731"}],"version-history":[{"count":3,"href":"https:\/\/www.ullarver.is\/en\/wp-json\/wp\/v2\/product\/18731\/revisions"}],"predecessor-version":[{"id":18745,"href":"https:\/\/www.ullarver.is\/en\/wp-json\/wp\/v2\/product\/18731\/revisions\/18745"}],"wp:featuredmedia":[{"embeddable":true,"href":"https:\/\/www.ullarver.is\/en\/wp-json\/wp\/v2\/media\/18744"}],"wp:attachment":[{"href":"https:\/\/www.ullarver.is\/en\/wp-json\/wp\/v2\/media?parent=18731"}],"wp:term":[{"taxonomy":"product_brand","embeddable":true,"href":"https:\/\/www.ullarver.is\/en\/wp-json\/wp\/v2\/product_brand?post=18731"},{"taxonomy":"product_cat","embeddable":true,"href":"https:\/\/www.ullarver.is\/en\/wp-json\/wp\/v2\/product_cat?post=18731"},{"taxonomy":"product_tag","embeddable":true,"href":"https:\/\/www.ullarver.is\/en\/wp-json\/wp\/v2\/product_tag?post=18731"}],"curies":[{"name":"wp","href":"https:\/\/api.w.org\/{rel}","templated":true}]}}