{"id":18723,"date":"2024-11-25T14:15:23","date_gmt":"2024-11-25T14:15:23","guid":{"rendered":"https:\/\/www.ullarver.is\/?post_type=product&#038;p=18723"},"modified":"2026-03-17T13:41:45","modified_gmt":"2026-03-17T13:41:45","slug":"ullarhufur","status":"publish","type":"product","link":"https:\/\/www.ullarver.is\/en\/vara\/ullarhufur\/","title":{"rendered":"Lopah\u00fafa -\u00c1sa Mar\u00eda"},"content":{"rendered":"<p>Ullarh\u00fafur<\/p>\n","protected":false},"excerpt":{"rendered":"<p>Ullarh\u00fafur \u00c1su<\/p>\n","protected":false},"featured_media":18726,"comment_status":"open","ping_status":"closed","template":"","meta":[],"product_brand":[],"product_cat":[147],"product_tag":[338,469],"class_list":{"0":"post-18723","1":"product","2":"type-product","3":"status-publish","4":"has-post-thumbnail","6":"product_cat-umbodssala","7":"product_tag-asa-maria","8":"product_tag-umbodssala-an-vsk","9":"description-off","11":"first","12":"instock","13":"purchasable","14":"product-type-simple"},"supplier_id":18725,"supplier_sku":"","barcode":null,"atum_controlled":true,"out_stock_date":null,"out_stock_threshold":null,"inheritable":false,"inbound_stock":0,"stock_on_hold":0,"sold_today":0,"sales_last_days":0,"reserved_stock":0,"customer_returns":0,"warehouse_damage":0,"lost_in_post":0,"other_logs":0,"out_stock_days":0,"lost_sales":0,"has_location":false,"update_date":"2026-04-11T01:52:17","atum_locations":[],"atum_stock_status":"instock","restock_status":false,"low_stock_amount":"","sales_update_date":"2026-04-11T01:52:17","calc_backorders":null,"jetpack_sharing_enabled":true,"_links":{"self":[{"href":"https:\/\/www.ullarver.is\/en\/wp-json\/wp\/v2\/product\/18723","targetHints":{"allow":["GET"]}}],"collection":[{"href":"https:\/\/www.ullarver.is\/en\/wp-json\/wp\/v2\/product"}],"about":[{"href":"https:\/\/www.ullarver.is\/en\/wp-json\/wp\/v2\/types\/product"}],"replies":[{"embeddable":true,"href":"https:\/\/www.ullarver.is\/en\/wp-json\/wp\/v2\/comments?post=18723"}],"version-history":[{"count":4,"href":"https:\/\/www.ullarver.is\/en\/wp-json\/wp\/v2\/product\/18723\/revisions"}],"predecessor-version":[{"id":19852,"href":"https:\/\/www.ullarver.is\/en\/wp-json\/wp\/v2\/product\/18723\/revisions\/19852"}],"wp:featuredmedia":[{"embeddable":true,"href":"https:\/\/www.ullarver.is\/en\/wp-json\/wp\/v2\/media\/18726"}],"wp:attachment":[{"href":"https:\/\/www.ullarver.is\/en\/wp-json\/wp\/v2\/media?parent=18723"}],"wp:term":[{"taxonomy":"product_brand","embeddable":true,"href":"https:\/\/www.ullarver.is\/en\/wp-json\/wp\/v2\/product_brand?post=18723"},{"taxonomy":"product_cat","embeddable":true,"href":"https:\/\/www.ullarver.is\/en\/wp-json\/wp\/v2\/product_cat?post=18723"},{"taxonomy":"product_tag","embeddable":true,"href":"https:\/\/www.ullarver.is\/en\/wp-json\/wp\/v2\/product_tag?post=18723"}],"curies":[{"name":"wp","href":"https:\/\/api.w.org\/{rel}","templated":true}]}}