{"id":18337,"date":"2024-11-01T19:49:27","date_gmt":"2024-11-01T19:49:27","guid":{"rendered":"https:\/\/www.ullarver.is\/?post_type=product&#038;p=18337"},"modified":"2026-04-14T15:27:45","modified_gmt":"2026-04-14T15:27:45","slug":"ullargarn-fleece-bluefaced-leicester-dk","status":"publish","type":"product","link":"https:\/\/www.ullarver.is\/en\/vara\/ullargarn-fleece-bluefaced-leicester-dk\/","title":{"rendered":"Ullargarn &#8211; Fleece Bluefaced Leicester DK"},"content":{"rendered":"<p><strong>Silkimj\u00fakt DK (8 ply) ullargarn fr\u00e1 Bretlandi.<\/strong><\/p>\n<p>Garni\u00f0 er 100% Bluefaced Leicester f\u00e1anlegt \u00ed n\u00e1tt\u00farulegum litum \u00e1samt fallega litu\u00f0u garni.<\/p>\n<p>Garni\u00f0 er unni\u00f0 \u00ed verksmi\u00f0ju West Yorkshire Spinners og er gert \u00far h\u00e1g\u00e6\u00f0a ull \u00far h\u00e9ru\u00f0unum \u00ed kring.<\/p>\n<p>Ullin kemur \u00fev\u00ed beint fr\u00e1 b\u00f3nda af v\u00f6ldum hj\u00f6r\u00f0um.<\/p>\n<p><strong>Efni:<\/strong> 100% bresk ull<\/p>\n","protected":false},"excerpt":{"rendered":"<p>Fleece Bluefaced Leicester DK er fallegt ullargarn.<\/p>\n<p>Silkimj\u00fakt ullargarn \u00far 100% breskri ull.<\/p>\n<p>Hentar vel \u00ed peysur og a\u00f0rar fl\u00edkur.<\/p>\n<div class=\"additional-attributes__item\">100% Bresk ull<\/div>\n<div class=\"additional-attributes__item\">100g \/ 225m (246yd) \/ DK<\/div>\n<p>&nbsp;<\/p>\n","protected":false},"featured_media":18441,"comment_status":"open","ping_status":"closed","template":"","meta":[],"product_brand":[489],"product_cat":[206,372,208],"product_tag":[],"class_list":{"0":"post-18337","1":"product","2":"type-product","3":"status-publish","4":"has-post-thumbnail","6":"product_brand-wys","7":"product_cat-garn-og-lopi","8":"product_cat-ullarverid-endursala-verslun","9":"product_cat-west-yorkshire-spinners","10":"description-off","12":"first","13":"instock","14":"taxable","15":"shipping-taxable","16":"purchasable","17":"product-type-variable"},"supplier_id":null,"supplier_sku":"","barcode":null,"atum_controlled":true,"out_stock_date":null,"out_stock_threshold":null,"inheritable":true,"inbound_stock":110,"stock_on_hold":0,"sold_today":0,"sales_last_days":5,"reserved_stock":0,"customer_returns":0,"warehouse_damage":0,"lost_in_post":0,"other_logs":0,"out_stock_days":0,"lost_sales":0,"has_location":false,"update_date":"2026-04-15T02:10:48","atum_locations":[],"atum_stock_status":"instock","restock_status":false,"low_stock_amount":"","sales_update_date":"2026-04-15T02:10:48","calc_backorders":null,"jetpack_sharing_enabled":true,"_links":{"self":[{"href":"https:\/\/www.ullarver.is\/en\/wp-json\/wp\/v2\/product\/18337","targetHints":{"allow":["GET"]}}],"collection":[{"href":"https:\/\/www.ullarver.is\/en\/wp-json\/wp\/v2\/product"}],"about":[{"href":"https:\/\/www.ullarver.is\/en\/wp-json\/wp\/v2\/types\/product"}],"replies":[{"embeddable":true,"href":"https:\/\/www.ullarver.is\/en\/wp-json\/wp\/v2\/comments?post=18337"}],"version-history":[{"count":5,"href":"https:\/\/www.ullarver.is\/en\/wp-json\/wp\/v2\/product\/18337\/revisions"}],"predecessor-version":[{"id":18426,"href":"https:\/\/www.ullarver.is\/en\/wp-json\/wp\/v2\/product\/18337\/revisions\/18426"}],"wp:featuredmedia":[{"embeddable":true,"href":"https:\/\/www.ullarver.is\/en\/wp-json\/wp\/v2\/media\/18441"}],"wp:attachment":[{"href":"https:\/\/www.ullarver.is\/en\/wp-json\/wp\/v2\/media?parent=18337"}],"wp:term":[{"taxonomy":"product_brand","embeddable":true,"href":"https:\/\/www.ullarver.is\/en\/wp-json\/wp\/v2\/product_brand?post=18337"},{"taxonomy":"product_cat","embeddable":true,"href":"https:\/\/www.ullarver.is\/en\/wp-json\/wp\/v2\/product_cat?post=18337"},{"taxonomy":"product_tag","embeddable":true,"href":"https:\/\/www.ullarver.is\/en\/wp-json\/wp\/v2\/product_tag?post=18337"}],"curies":[{"name":"wp","href":"https:\/\/api.w.org\/{rel}","templated":true}]}}