{"id":17803,"date":"2024-10-07T17:00:19","date_gmt":"2024-10-07T17:00:19","guid":{"rendered":"https:\/\/www.ullarver.is\/?post_type=product&#038;p=17803"},"modified":"2026-03-31T15:41:35","modified_gmt":"2026-03-31T15:41:35","slug":"lettlopi-istex","status":"publish","type":"product","link":"https:\/\/www.ullarver.is\/en\/vara\/lettlopi-istex\/","title":{"rendered":"L\u00e9ttlopi &#8211; \u00cdstex"},"content":{"rendered":"<p>L\u00e9ttlopinn fr\u00e1 \u00cdstex er or\u00f0inn einn vins\u00e6lasti \u00edslenski lopinn til a\u00f0 prj\u00f3na \u00far.<\/p>\n<p>Fl\u00edkurnar \u00far L\u00e9ttlopanum eru liprar og skemmtilegar.<\/p>\n","protected":false},"excerpt":{"rendered":"<p>L\u00e9ttlopi fr\u00e1 \u00cdstex margir litir<\/p>\n","protected":false},"featured_media":17824,"comment_status":"open","ping_status":"closed","template":"","meta":[],"product_brand":[490],"product_cat":[206,207,372],"product_tag":[],"class_list":{"0":"post-17803","1":"product","2":"type-product","3":"status-publish","4":"has-post-thumbnail","6":"product_brand-istex","7":"product_cat-garn-og-lopi","8":"product_cat-istex-lopi","9":"product_cat-ullarverid-endursala-verslun","10":"description-off","12":"first","13":"instock","14":"taxable","15":"shipping-taxable","16":"purchasable","17":"product-type-variable"},"supplier_id":null,"supplier_sku":"","barcode":null,"atum_controlled":true,"out_stock_date":null,"out_stock_threshold":null,"inheritable":true,"inbound_stock":390,"stock_on_hold":0,"sold_today":0,"sales_last_days":14,"reserved_stock":0,"customer_returns":0,"warehouse_damage":0,"lost_in_post":0,"other_logs":0,"out_stock_days":0,"lost_sales":0,"has_location":false,"update_date":"2026-04-10T01:50:24","atum_locations":[],"atum_stock_status":"instock","restock_status":false,"low_stock_amount":"","sales_update_date":"2026-04-10T01:50:24","calc_backorders":null,"jetpack_sharing_enabled":true,"_links":{"self":[{"href":"https:\/\/www.ullarver.is\/en\/wp-json\/wp\/v2\/product\/17803","targetHints":{"allow":["GET"]}}],"collection":[{"href":"https:\/\/www.ullarver.is\/en\/wp-json\/wp\/v2\/product"}],"about":[{"href":"https:\/\/www.ullarver.is\/en\/wp-json\/wp\/v2\/types\/product"}],"replies":[{"embeddable":true,"href":"https:\/\/www.ullarver.is\/en\/wp-json\/wp\/v2\/comments?post=17803"}],"version-history":[{"count":4,"href":"https:\/\/www.ullarver.is\/en\/wp-json\/wp\/v2\/product\/17803\/revisions"}],"predecessor-version":[{"id":18706,"href":"https:\/\/www.ullarver.is\/en\/wp-json\/wp\/v2\/product\/17803\/revisions\/18706"}],"wp:featuredmedia":[{"embeddable":true,"href":"https:\/\/www.ullarver.is\/en\/wp-json\/wp\/v2\/media\/17824"}],"wp:attachment":[{"href":"https:\/\/www.ullarver.is\/en\/wp-json\/wp\/v2\/media?parent=17803"}],"wp:term":[{"taxonomy":"product_brand","embeddable":true,"href":"https:\/\/www.ullarver.is\/en\/wp-json\/wp\/v2\/product_brand?post=17803"},{"taxonomy":"product_cat","embeddable":true,"href":"https:\/\/www.ullarver.is\/en\/wp-json\/wp\/v2\/product_cat?post=17803"},{"taxonomy":"product_tag","embeddable":true,"href":"https:\/\/www.ullarver.is\/en\/wp-json\/wp\/v2\/product_tag?post=17803"}],"curies":[{"name":"wp","href":"https:\/\/api.w.org\/{rel}","templated":true}]}}