{"id":16581,"date":"2024-08-06T16:45:29","date_gmt":"2024-08-06T16:45:29","guid":{"rendered":"https:\/\/ullarver.is\/?post_type=product&#038;p=16581"},"modified":"2026-03-27T15:30:07","modified_gmt":"2026-03-27T15:30:07","slug":"beyond-soft-mykingarefni","status":"publish","type":"product","link":"https:\/\/www.ullarver.is\/en\/vara\/beyond-soft-mykingarefni\/","title":{"rendered":"Beyond Soft &#8211; M\u00fdkingarefni"},"content":{"rendered":"<p><strong>Allar Unicorn v\u00f6rurnar:<\/strong><\/p>\n<ul>\n<li>eru n\u00e1tt\u00faruv\u00e6nar og ni\u00f0urbrj\u00f3tanlegar<\/li>\n<li>eru ekki pr\u00f3fa\u00f0ar \u00e1 d\u00fdrum og eru framleiddar \u00ed Bandar\u00edkjunum<\/li>\n<li>eru mildar og lausar vi\u00f0 ensym, litarefni, fosf\u00f6t, fylliefni og ertandi efni<\/li>\n<li>valda ekki gulnun \u00e1 \u00fevotti<\/li>\n<li>eru metta\u00f0ar, \u00feannig a\u00f0 &#8220;less is more&#8221;!<\/li>\n<\/ul>\n<p>Athugi\u00f0 a\u00f0 fylgja alltaf lei\u00f0beiningum fr\u00e1 framlei\u00f0enda.<\/p>\n<p>Pr\u00f3fi\u00f0 fyrir litfestu \u00e1\u00f0ur en \u00fevegi\u00f0 er.<\/p>\n<p class=\"\"><strong><em>All Unicorn products are:<\/em><\/strong><\/p>\n<ul>\n<li><em>Earth friendly &amp; biodegradable<\/em><\/li>\n<li><em>Not tested on animals &amp; made in the USA<\/em><\/li>\n<li><em>Gentle &amp; FREE of enzymes, dyes, phosphates, fillers, and irritants<\/em><\/li>\n<li><em>Does NOT cause fibres and fabrics being cleaned to yellow<\/em><\/li>\n<li><em>HE compatible<\/em><\/li>\n<li><em>Concentrated, so less is more!<\/em><\/li>\n<\/ul>\n<p class=\"\"><em>Always follow Manufacturer&#8217;s Care Label directions.\u00a0Test for colorfastness before washing.<\/em><\/p>\n<p class=\"\"><strong>Ingredients: <\/strong>Nonionic Surfactant \u2013 Cationic Quaternary which is an anti-static conditioning agent, and an Anionic surfactant (Ethoxylated Alcohol C9-11) Glacial Acetic Acid (a vinegar like solution) that helps lock in colors, aqua and .3% essential oil (fragrance free).<\/p>\n<p class=\"\">Made in USA.<\/p>\n","protected":false},"excerpt":{"rendered":"<p>Beyond Soft er fr\u00e1b\u00e6rt m\u00fdkingarefni sem dregur \u00far rafm\u00f6gnun og er \u00e1n ilmefna.<\/p>\n<p><strong>Beyond Soft er best til a\u00f0:<\/strong><\/p>\n<ul>\n<li>vi\u00f0halda m\u00fdkt n\u00e1tt\u00farulegra efna \u00e1samt gerfiefna<\/li>\n<li>minnka kl\u00e1\u00f0a tilfinningu ullarfatna\u00f0s<\/li>\n<li>draga \u00far upplitun efnisins<\/li>\n<li>nota vi\u00f0 a\u00f0 mykja ullina vi\u00f0 kembingu<\/li>\n<\/ul>\n<p>Eins og me\u00f0 \u00f6ll m\u00fdkingarefni:<em> &#8220;Ekki nota Fibre Rinse \u00e1 eldvarin f\u00f6t&#8221;<\/em><\/p>\n","protected":false},"featured_media":16584,"comment_status":"open","ping_status":"closed","template":"","meta":[],"product_brand":[488],"product_cat":[138,372],"product_tag":[],"class_list":{"0":"post-16581","1":"product","2":"type-product","3":"status-publish","4":"has-post-thumbnail","6":"product_brand-unicorn","7":"product_cat-unicorn-thvottaefni","8":"product_cat-ullarverid-endursala-verslun","9":"description-off","11":"first","12":"instock","13":"taxable","14":"shipping-taxable","15":"purchasable","16":"product-type-variable"},"supplier_id":null,"supplier_sku":"","barcode":null,"atum_controlled":true,"out_stock_date":"2024-08-06 16:45:29","out_stock_threshold":null,"inheritable":true,"inbound_stock":0,"stock_on_hold":0,"sold_today":0,"sales_last_days":1,"reserved_stock":0,"customer_returns":0,"warehouse_damage":0,"lost_in_post":0,"other_logs":0,"out_stock_days":606,"lost_sales":0,"has_location":false,"update_date":"2026-04-05T01:00:46","atum_locations":[],"atum_stock_status":"instock","restock_status":false,"low_stock_amount":"","sales_update_date":"2026-04-05T01:00:46","calc_backorders":null,"jetpack_sharing_enabled":true,"_links":{"self":[{"href":"https:\/\/www.ullarver.is\/en\/wp-json\/wp\/v2\/product\/16581","targetHints":{"allow":["GET"]}}],"collection":[{"href":"https:\/\/www.ullarver.is\/en\/wp-json\/wp\/v2\/product"}],"about":[{"href":"https:\/\/www.ullarver.is\/en\/wp-json\/wp\/v2\/types\/product"}],"replies":[{"embeddable":true,"href":"https:\/\/www.ullarver.is\/en\/wp-json\/wp\/v2\/comments?post=16581"}],"version-history":[{"count":1,"href":"https:\/\/www.ullarver.is\/en\/wp-json\/wp\/v2\/product\/16581\/revisions"}],"predecessor-version":[{"id":18603,"href":"https:\/\/www.ullarver.is\/en\/wp-json\/wp\/v2\/product\/16581\/revisions\/18603"}],"wp:featuredmedia":[{"embeddable":true,"href":"https:\/\/www.ullarver.is\/en\/wp-json\/wp\/v2\/media\/16584"}],"wp:attachment":[{"href":"https:\/\/www.ullarver.is\/en\/wp-json\/wp\/v2\/media?parent=16581"}],"wp:term":[{"taxonomy":"product_brand","embeddable":true,"href":"https:\/\/www.ullarver.is\/en\/wp-json\/wp\/v2\/product_brand?post=16581"},{"taxonomy":"product_cat","embeddable":true,"href":"https:\/\/www.ullarver.is\/en\/wp-json\/wp\/v2\/product_cat?post=16581"},{"taxonomy":"product_tag","embeddable":true,"href":"https:\/\/www.ullarver.is\/en\/wp-json\/wp\/v2\/product_tag?post=16581"}],"curies":[{"name":"wp","href":"https:\/\/api.w.org\/{rel}","templated":true}]}}