{"id":16574,"date":"2024-08-06T14:05:08","date_gmt":"2024-08-06T14:05:08","guid":{"rendered":"https:\/\/ullarver.is\/?post_type=product&#038;p=16574"},"modified":"2026-03-27T15:30:07","modified_gmt":"2026-03-27T15:30:07","slug":"beyond-fibre-wash-thvottaefni","status":"publish","type":"product","link":"https:\/\/www.ullarver.is\/en\/vara\/beyond-fibre-wash-thvottaefni\/","title":{"rendered":"Beyond Fibre Wash &#8211; \u00devottaefni"},"content":{"rendered":"<p><strong>Allar Unicorn v\u00f6rurnar:<\/strong><\/p>\n<ul>\n<li>eru n\u00e1tt\u00faruv\u00e6nar og ni\u00f0urbrj\u00f3tanlegar<\/li>\n<li>eru ekki pr\u00f3fa\u00f0ar \u00e1 d\u00fdrum og eru framleiddar \u00ed Bandar\u00edkjunum<\/li>\n<li>eru mildar og lausar vi\u00f0 ensym, litarefni, fosf\u00f6t, fylliefni og ertandi efni<\/li>\n<li>valda ekki gulnun \u00e1 \u00fevotti<\/li>\n<li>eru metta\u00f0ar, \u00feannig a\u00f0 &#8220;less is more&#8221;!<\/li>\n<\/ul>\n<p>Athugi\u00f0 a\u00f0 fylgja alltaf lei\u00f0beiningum fr\u00e1 framlei\u00f0enda.<\/p>\n<p>Pr\u00f3fi\u00f0 fyrir litfestu \u00e1\u00f0ur en \u00fevegi\u00f0 er.<\/p>\n<p class=\"\"><em>All Unicorn products are:<\/em><\/p>\n<ul>\n<li><em>Earth friendly &amp; biodegradable<\/em><\/li>\n<li><em>Not tested on animals &amp; made in the USA<\/em><\/li>\n<li><em>Gentle &amp; FREE of enzymes, dyes, phosphates, fillers, and irritants<\/em><\/li>\n<li><em>Does NOT cause fibres and fabrics being cleaned to yellow<\/em><\/li>\n<li><em>HE compatible<\/em><\/li>\n<li><em>Concentrated, so less is more!<\/em><\/li>\n<\/ul>\n<p class=\"\"><em>Always follow Manufacturer&#8217;s Care Label directions.\u00a0Test for colorfastness before washing.<\/em><\/p>\n<p class=\"\"><strong>Ingredients<\/strong>: Anionic and nonionic surfactants. The Anionic Surfactants (Ethoxylated Alcohols, C12-13 &amp; C12 and Sodium Carbonate) are organic chemicals that convert electrically charged particles in solutions to remove dirt. The Nonionic, is a low suds producing Amphoteric Surfactant that helps with water hardness. Sodium Bicarbonate\/Carbonate which is a baking soda that helps remove stains and odors from fibers and helps raise the PH in water to clean better. \u00a0Aqueous Polymer Solution; Ethanol, Acetic Acid Solution (a vinegar like solution) that helps in the cleaning process and also helps lock in colors, aqua and .3% essential oil (fragrance free). Contains NO bleach additives, phosphates, enzymes,\u00a0brighteners, petroleum, stripping agents or dyes.<\/p>\n<p class=\"\">Made in USA.<\/p>\n","protected":false},"excerpt":{"rendered":"<p>Beyond Fibre Wash er fr\u00e1b\u00e6rt \u00fevottaefni \u00e1n ilmefna.<\/p>\n<p><strong>Fibre Wash er best fyrir:<\/strong><\/p>\n<ul>\n<li>allan hversdags\u00fevott<\/li>\n<li>vi\u00f0kv\u00e6man \u00fevott<\/li>\n<li>ullar og prj\u00f3nav\u00f6rur, \u00e1samt silki<\/li>\n<li>n\u00e6rf\u00f6t, sundf\u00f6t og \u00ed\u00fer\u00f3ttaf\u00f6t<\/li>\n<li>me\u00f0h\u00f6ndlun \u00e1 \u00f3lykt \u00ed efni<\/li>\n<li>\u00fevott \u00e1 ull \u00e1n \u00feess a\u00f0 \u00fevo lanolin ol\u00eduna \u00far<\/li>\n<\/ul>\n<p>Fibre wash virkar vel vi\u00f0 \u00fevott \u00e1 mismunandi hitastigi, 40\u00b0c &#8211; 95\u00b0c.<\/p>\n<p>A\u00f0eins \u00fer\u00edr dropar \u00ed hand\u00fevottinn!<\/p>\n","protected":false},"featured_media":16593,"comment_status":"open","ping_status":"closed","template":"","meta":[],"product_brand":[488],"product_cat":[138,372],"product_tag":[],"class_list":{"0":"post-16574","1":"product","2":"type-product","3":"status-publish","4":"has-post-thumbnail","6":"product_brand-unicorn","7":"product_cat-unicorn-thvottaefni","8":"product_cat-ullarverid-endursala-verslun","9":"description-off","11":"first","12":"instock","13":"taxable","14":"shipping-taxable","15":"purchasable","16":"product-type-variable"},"supplier_id":null,"supplier_sku":"","barcode":null,"atum_controlled":true,"out_stock_date":"2024-08-06 14:05:08","out_stock_threshold":null,"inheritable":true,"inbound_stock":0,"stock_on_hold":0,"sold_today":0,"sales_last_days":0,"reserved_stock":0,"customer_returns":0,"warehouse_damage":0,"lost_in_post":0,"other_logs":0,"out_stock_days":618,"lost_sales":0,"has_location":false,"update_date":"2026-04-17T02:15:45","atum_locations":[],"atum_stock_status":"instock","restock_status":false,"low_stock_amount":"","sales_update_date":"2026-04-17T02:15:45","calc_backorders":null,"jetpack_sharing_enabled":true,"_links":{"self":[{"href":"https:\/\/www.ullarver.is\/en\/wp-json\/wp\/v2\/product\/16574","targetHints":{"allow":["GET"]}}],"collection":[{"href":"https:\/\/www.ullarver.is\/en\/wp-json\/wp\/v2\/product"}],"about":[{"href":"https:\/\/www.ullarver.is\/en\/wp-json\/wp\/v2\/types\/product"}],"replies":[{"embeddable":true,"href":"https:\/\/www.ullarver.is\/en\/wp-json\/wp\/v2\/comments?post=16574"}],"version-history":[{"count":1,"href":"https:\/\/www.ullarver.is\/en\/wp-json\/wp\/v2\/product\/16574\/revisions"}],"predecessor-version":[{"id":18604,"href":"https:\/\/www.ullarver.is\/en\/wp-json\/wp\/v2\/product\/16574\/revisions\/18604"}],"wp:featuredmedia":[{"embeddable":true,"href":"https:\/\/www.ullarver.is\/en\/wp-json\/wp\/v2\/media\/16593"}],"wp:attachment":[{"href":"https:\/\/www.ullarver.is\/en\/wp-json\/wp\/v2\/media?parent=16574"}],"wp:term":[{"taxonomy":"product_brand","embeddable":true,"href":"https:\/\/www.ullarver.is\/en\/wp-json\/wp\/v2\/product_brand?post=16574"},{"taxonomy":"product_cat","embeddable":true,"href":"https:\/\/www.ullarver.is\/en\/wp-json\/wp\/v2\/product_cat?post=16574"},{"taxonomy":"product_tag","embeddable":true,"href":"https:\/\/www.ullarver.is\/en\/wp-json\/wp\/v2\/product_tag?post=16574"}],"curies":[{"name":"wp","href":"https:\/\/api.w.org\/{rel}","templated":true}]}}