{"id":16467,"date":"2024-08-06T10:51:18","date_gmt":"2024-08-06T10:51:18","guid":{"rendered":"https:\/\/ullarver.is\/product\/unicorn-power-scour-djuphreinsiefni\/"},"modified":"2025-08-13T14:12:44","modified_gmt":"2025-08-13T14:12:44","slug":"unicorn-power-scour-djuphreinsiefni","status":"publish","type":"product","link":"https:\/\/www.ullarver.is\/en\/vara\/unicorn-power-scour-djuphreinsiefni\/","title":{"rendered":"Unicorn Power Scour &#8211; Dj\u00faphreinsiefni"},"content":{"rendered":"<p><strong>Allar Unicorn v\u00f6rurnar:<\/strong><\/p>\n<ul>\n<li>eru n\u00e1tt\u00faruv\u00e6nar og ni\u00f0urbrj\u00f3tanlegar<\/li>\n<li>eru ekki pr\u00f3fa\u00f0ar \u00e1 d\u00fdrum og eru framleiddar \u00ed Bandar\u00edkjunum<\/li>\n<li>eru mildar og lausar vi\u00f0 ensym, litarefni, fosf\u00f6t, fylliefni og ertandi efni<\/li>\n<li>valda ekki gulnun \u00e1 \u00fevotti<\/li>\n<li>eru metta\u00f0ar, \u00feannig a\u00f0 &#8220;less is more&#8221;!<\/li>\n<\/ul>\n<p>Athugi\u00f0 a\u00f0 fylgja alltaf lei\u00f0beiningum fr\u00e1 framlei\u00f0enda.<\/p>\n<p>Pr\u00f3fi\u00f0 fyrir litfestu \u00e1\u00f0ur en \u00fevegi\u00f0 er.<\/p>\n<p class=\"\"><em>All Unicorn products are:<\/em><\/p>\n<ul>\n<li><em>Earth friendly &amp; biodegradable<\/em><\/li>\n<li><em>Not tested on animals &amp; made in the USA<\/em><\/li>\n<li><em>Gentle &amp; FREE of enzymes, dyes, phosphates, fillers, and irritants<\/em><\/li>\n<li><em>Does NOT cause fibres and fabrics being cleaned to yellow<\/em><\/li>\n<li><em>HE compatible<\/em><\/li>\n<li><em>Concentrated, so less is more!<\/em><\/li>\n<\/ul>\n<p class=\"\"><em>Always follow Manufacturer&#8217;s Care Label directions.\u00a0Test for colorfastness before washing.<\/em><\/p>\n<p class=\"\"><strong>Ingredients<\/strong>: Anionic and nonionic surfactants. The anionic surfactants (Ethoxylated Alcohols, C12-13 &amp; C12 and Sodium Carbonate) are organic chemicals that converts electrically charged particles in solutions to remove dirt. The Nonionic is a low suds producing Amphoteric surfactant that helps with water hardness i.e. Organic chemicals that change the property of water. In addition an Aqueous Polymer Solution that helps break down soils while avoiding redisposition on fabrics and Ethanol &amp; Stabilizers for the dirt removing agent are added. Aqua and .3% synthetic lavender fragrance. Contains NO bleach additives, phosphates, enzymes,\u00a0brighteners, petroleum, stripping agents or dyes.<\/p>\n<p class=\"\">Made in USA.<\/p>\n","protected":false},"excerpt":{"rendered":"<p>Unicorn Power Scour er \u00f6flugt dj\u00fahreinsiefni me\u00f0 sm\u00e1 lavender ilm. \u00dea\u00f0 dugar vel \u00e1 mj\u00f6g \u00f3hreinan \u00fevott en fer einnig um hann mj\u00fakum h\u00f6ndum.<\/p>\n<p><strong>Power Scour er best til a\u00f0:<\/strong><\/p>\n<ul>\n<li>\u00fevo hr\u00e1a ull<\/li>\n<li>\u00fevo taubleyjur<\/li>\n<li>nota \u00e1 blettina<\/li>\n<li>f\u00e1st vi\u00f0 \u00f3lykt \u00ed f\u00f6tum eins og \u00ed\u00fer\u00f3ttaf\u00f6tum<\/li>\n<li>dj\u00faphreinsa fitu og ol\u00edu<\/li>\n<li>hreinsa lanolin \u00far ullarf\u00f6tum<\/li>\n<li>\u00fevo mj\u00f6g \u00f3hreinan \u00fevott<\/li>\n<li>hreinsa teppi<\/li>\n<\/ul>\n<p>Power Scour virkar vel vi\u00f0 \u00fevott \u00e1 mismunandi hitastigi, 40\u00b0c \u2013 95\u00b0c. En fyrir mj\u00f6g \u00f3hreinan \u00fevott hentar h\u00e6rra hitastig vi\u00f0 \u00fevott.<\/p>\n","protected":false},"featured_media":16466,"comment_status":"open","ping_status":"closed","template":"","meta":[],"product_brand":[488],"product_cat":[138,372],"product_tag":[],"class_list":{"0":"post-16467","1":"product","2":"type-product","3":"status-publish","4":"has-post-thumbnail","6":"product_brand-unicorn","7":"product_cat-unicorn-thvottaefni","8":"product_cat-ullarverid-endursala-verslun","9":"description-off","11":"first","12":"instock","13":"taxable","14":"shipping-taxable","15":"purchasable","16":"product-type-variable"},"supplier_id":null,"supplier_sku":"","barcode":null,"atum_controlled":true,"out_stock_date":"2024-08-06 12:12:16","out_stock_threshold":null,"inheritable":true,"inbound_stock":0,"stock_on_hold":0,"sold_today":0,"sales_last_days":0,"reserved_stock":0,"customer_returns":0,"warehouse_damage":0,"lost_in_post":0,"other_logs":0,"out_stock_days":616,"lost_sales":0,"has_location":false,"update_date":"2026-04-15T02:10:18","atum_locations":[],"atum_stock_status":"instock","restock_status":false,"low_stock_amount":"","sales_update_date":"2026-04-15T02:10:18","calc_backorders":null,"jetpack_sharing_enabled":true,"_links":{"self":[{"href":"https:\/\/www.ullarver.is\/en\/wp-json\/wp\/v2\/product\/16467","targetHints":{"allow":["GET"]}}],"collection":[{"href":"https:\/\/www.ullarver.is\/en\/wp-json\/wp\/v2\/product"}],"about":[{"href":"https:\/\/www.ullarver.is\/en\/wp-json\/wp\/v2\/types\/product"}],"replies":[{"embeddable":true,"href":"https:\/\/www.ullarver.is\/en\/wp-json\/wp\/v2\/comments?post=16467"}],"version-history":[{"count":1,"href":"https:\/\/www.ullarver.is\/en\/wp-json\/wp\/v2\/product\/16467\/revisions"}],"predecessor-version":[{"id":18605,"href":"https:\/\/www.ullarver.is\/en\/wp-json\/wp\/v2\/product\/16467\/revisions\/18605"}],"wp:featuredmedia":[{"embeddable":true,"href":"https:\/\/www.ullarver.is\/en\/wp-json\/wp\/v2\/media\/16466"}],"wp:attachment":[{"href":"https:\/\/www.ullarver.is\/en\/wp-json\/wp\/v2\/media?parent=16467"}],"wp:term":[{"taxonomy":"product_brand","embeddable":true,"href":"https:\/\/www.ullarver.is\/en\/wp-json\/wp\/v2\/product_brand?post=16467"},{"taxonomy":"product_cat","embeddable":true,"href":"https:\/\/www.ullarver.is\/en\/wp-json\/wp\/v2\/product_cat?post=16467"},{"taxonomy":"product_tag","embeddable":true,"href":"https:\/\/www.ullarver.is\/en\/wp-json\/wp\/v2\/product_tag?post=16467"}],"curies":[{"name":"wp","href":"https:\/\/api.w.org\/{rel}","templated":true}]}}